{"id":693,"date":"2025-07-21T16:18:18","date_gmt":"2025-07-21T14:18:18","guid":{"rendered":"https:\/\/alu.fr\/?page_id=693"},"modified":"2025-09-03T16:57:01","modified_gmt":"2025-09-03T14:57:01","slug":"au5gt","status":"publish","type":"page","link":"https:\/\/alu.fr\/index.php\/au5gt\/","title":{"rendered":"AU5GT"},"content":{"rendered":"\n<p>L&rsquo;AU5GT est le choix d&rsquo;alliage recommand\u00e9 pour des <strong>pi\u00e8ces d&rsquo;aluminium soumises \u00e0 de tr\u00e8s fortes contraintes m\u00e9caniques<\/strong>.<br>Il dispose d&rsquo;une tr\u00e8s bonne r\u00e9sistance, d&rsquo;une excellente usinabilit\u00e9 et est facilement polissable.<\/p>\n\n\n\n<div class=\"wp-block-columns is-layout-flex wp-container-core-columns-is-layout-9d6595d7 wp-block-columns-is-layout-flex\">\n<div class=\"wp-block-column is-layout-flow wp-block-column-is-layout-flow\" style=\"flex-basis:66.66%\">\n<figure class=\"wp-block-image size-large\"><img loading=\"lazy\" decoding=\"async\" width=\"1024\" height=\"577\" src=\"https:\/\/alu.fr\/wp-content\/uploads\/2025\/08\/POSTPROD_1_3_P1003788-1024x577.jpg\" alt=\"Pi\u00e8ce alliage AU5GT\" class=\"wp-image-1231\" srcset=\"https:\/\/alu.fr\/wp-content\/uploads\/2025\/08\/POSTPROD_1_3_P1003788-1024x577.jpg 1024w, https:\/\/alu.fr\/wp-content\/uploads\/2025\/08\/POSTPROD_1_3_P1003788-300x169.jpg 300w, https:\/\/alu.fr\/wp-content\/uploads\/2025\/08\/POSTPROD_1_3_P1003788-768x433.jpg 768w, https:\/\/alu.fr\/wp-content\/uploads\/2025\/08\/POSTPROD_1_3_P1003788-1536x865.jpg 1536w, https:\/\/alu.fr\/wp-content\/uploads\/2025\/08\/POSTPROD_1_3_P1003788-2048x1154.jpg 2048w\" sizes=\"auto, (max-width: 1024px) 100vw, 1024px\" \/><\/figure>\n<\/div>\n\n\n\n<div class=\"wp-block-column is-layout-flow wp-block-column-is-layout-flow\" style=\"flex-basis:33.33%\">\n<figure class=\"wp-block-image size-large\"><img loading=\"lazy\" decoding=\"async\" width=\"1024\" height=\"1024\" src=\"https:\/\/alu.fr\/wp-content\/uploads\/2025\/08\/POSTPROD_2_1_P1003800-1024x1024.jpg\" alt=\"\" class=\"wp-image-1301\" srcset=\"https:\/\/alu.fr\/wp-content\/uploads\/2025\/08\/POSTPROD_2_1_P1003800-1024x1024.jpg 1024w, https:\/\/alu.fr\/wp-content\/uploads\/2025\/08\/POSTPROD_2_1_P1003800-300x300.jpg 300w, https:\/\/alu.fr\/wp-content\/uploads\/2025\/08\/POSTPROD_2_1_P1003800-150x150.jpg 150w, https:\/\/alu.fr\/wp-content\/uploads\/2025\/08\/POSTPROD_2_1_P1003800-768x768.jpg 768w, https:\/\/alu.fr\/wp-content\/uploads\/2025\/08\/POSTPROD_2_1_P1003800-1536x1536.jpg 1536w, https:\/\/alu.fr\/wp-content\/uploads\/2025\/08\/POSTPROD_2_1_P1003800-2048x2048.jpg 2048w\" sizes=\"auto, (max-width: 1024px) 100vw, 1024px\" \/><figcaption class=\"wp-element-caption\"><strong>Pi\u00e8ce usin\u00e9e sur 3 faces, fraisages<\/strong><\/figcaption><\/figure>\n<\/div>\n<\/div>\n\n\n\n<div style=\"height:40px\" aria-hidden=\"true\" class=\"wp-block-spacer\"><\/div>\n\n\n\n<hr class=\"wp-block-separator has-alpha-channel-opacity\"\/>\n\n\n\n<div style=\"height:20px\" aria-hidden=\"true\" class=\"wp-block-spacer\"><\/div>\n\n\n\n<div class=\"wp-block-columns is-layout-flex wp-container-core-columns-is-layout-9d6595d7 wp-block-columns-is-layout-flex\">\n<div class=\"wp-block-column is-layout-flow wp-block-column-is-layout-flow\" style=\"flex-basis:15%\"><\/div>\n\n\n\n<div class=\"wp-block-column is-layout-flow wp-block-column-is-layout-flow\" style=\"flex-basis:70%\">\n<p class=\"has-text-align-center\">\u2192 Pour comparer les alliages <a href=\"https:\/\/alu.fr\/index.php\/as7g\/\">AS7G<\/a> et AU5GT, consultez notre <a href=\"https:\/\/alu.fr\/index.php\/proprietes\/\">page sur les propri\u00e9t\u00e9s<\/a> ou <a href=\"https:\/\/alu.fr\/index.php\/contact\/\">contactez-nous<\/a> pour une conception adapt\u00e9e \u00e0 vos contraintes.<\/p>\n<\/div>\n\n\n\n<div class=\"wp-block-column is-layout-flow wp-block-column-is-layout-flow\" style=\"flex-basis:15%\"><\/div>\n<\/div>\n\n\n\n<hr class=\"wp-block-separator has-alpha-channel-opacity\"\/>\n\n\n\n<div style=\"height:40px\" aria-hidden=\"true\" class=\"wp-block-spacer\"><\/div>\n\n\n\n<style class=\"next-previous-btns-sibling\">\n  .next-previous-btns-sibling ~ * .wp-block-button__link.wp-element-button {\n    font-size: 1.125em;\n  }\n<\/style>\n\n\n\n<div class=\"wp-block-columns is-layout-flex wp-container-core-columns-is-layout-9d6595d7 wp-block-columns-is-layout-flex\">\n<div class=\"wp-block-column is-layout-flow wp-block-column-is-layout-flow\">\n<div class=\"wp-block-buttons is-layout-flex wp-block-buttons-is-layout-flex\">\n<div class=\"wp-block-button\"><a class=\"wp-block-button__link wp-element-button\" href=\"https:\/\/alu.fr\/index.php\/as7g\/\">\u2190 AS7G<\/a><\/div>\n<\/div>\n<\/div>\n\n\n\n<div class=\"wp-block-column is-layout-flow wp-block-column-is-layout-flow\">\n<div class=\"wp-block-buttons is-content-justification-right is-layout-flex wp-container-core-buttons-is-layout-765c4724 wp-block-buttons-is-layout-flex\">\n<div class=\"wp-block-button\"><a class=\"wp-block-button__link wp-element-button\" href=\"https:\/\/alu.fr\/index.php\/autres-alliages\/\">Autres alliages \u2192<\/a><\/div>\n<\/div>\n<\/div>\n<\/div>\n\n\n\n<div style=\"height:100px\" aria-hidden=\"true\" class=\"wp-block-spacer\"><\/div>\n\n\n\n<p><\/p>\n","protected":false},"excerpt":{"rendered":"<p>L&rsquo;AU5GT est le choix d&rsquo;alliage recommand\u00e9 pour des pi\u00e8ces d&rsquo;aluminium soumises \u00e0 de tr\u00e8s fortes contraintes m\u00e9caniques.Il dispose d&rsquo;une tr\u00e8s bonne r\u00e9sistance, d&rsquo;une excellente usinabilit\u00e9 et est facilement polissable. \u2192 Pour comparer les alliages AS7G et AU5GT, consultez notre page sur les propri\u00e9t\u00e9s ou contactez-nous pour une conception adapt\u00e9e \u00e0 vos contraintes.<\/p>\n","protected":false},"author":1,"featured_media":0,"parent":0,"menu_order":0,"comment_status":"closed","ping_status":"closed","template":"","meta":{"neve_meta_sidebar":"","neve_meta_container":"","neve_meta_enable_content_width":"","neve_meta_content_width":0,"neve_meta_title_alignment":"","neve_meta_author_avatar":"","neve_post_elements_order":"","neve_meta_disable_header":"","neve_meta_disable_footer":"","neve_meta_disable_title":"","footnotes":""},"class_list":["post-693","page","type-page","status-publish","hentry"],"yoast_head":"<!-- This site is optimized with the Yoast SEO plugin v25.6 - https:\/\/yoast.com\/wordpress\/plugins\/seo\/ -->\n<title>Pi\u00e8ces en alliage d&#039;aluminium AU5GT - Alu.fr<\/title>\n<meta name=\"description\" content=\"L\u2019AU5GT est un alliage pour pi\u00e8ces de fonderie n\u00e9cessitant de tr\u00e8s fortes contraintes m\u00e9caniques. Dot\u00e9 d&#039;une excellente usinabilit\u00e9.\" \/>\n<meta name=\"robots\" content=\"index, follow, max-snippet:-1, max-image-preview:large, max-video-preview:-1\" \/>\n<link rel=\"canonical\" href=\"https:\/\/alu.fr\/index.php\/au5gt\/\" \/>\n<meta property=\"og:locale\" content=\"fr_FR\" \/>\n<meta property=\"og:type\" content=\"article\" \/>\n<meta property=\"og:title\" content=\"Pi\u00e8ces en alliage d&#039;aluminium AU5GT - Alu.fr\" \/>\n<meta property=\"og:description\" content=\"L\u2019AU5GT est un alliage pour pi\u00e8ces de fonderie n\u00e9cessitant de tr\u00e8s fortes contraintes m\u00e9caniques. Dot\u00e9 d&#039;une excellente usinabilit\u00e9.\" \/>\n<meta property=\"og:url\" content=\"https:\/\/alu.fr\/index.php\/au5gt\/\" \/>\n<meta property=\"og:site_name\" content=\"Alu.fr\" \/>\n<meta property=\"article:modified_time\" content=\"2025-09-03T14:57:01+00:00\" \/>\n<meta property=\"og:image\" content=\"https:\/\/alu.fr\/wp-content\/uploads\/2025\/08\/POSTPROD_1_3_P1003788-scaled.jpg\" \/>\n\t<meta property=\"og:image:width\" content=\"2560\" \/>\n\t<meta property=\"og:image:height\" content=\"1442\" \/>\n\t<meta property=\"og:image:type\" content=\"image\/jpeg\" \/>\n<meta name=\"twitter:card\" content=\"summary_large_image\" \/>\n<meta name=\"twitter:label1\" content=\"Dur\u00e9e de lecture estim\u00e9e\" \/>\n\t<meta name=\"twitter:data1\" content=\"1 minute\" \/>\n<script type=\"application\/ld+json\" class=\"yoast-schema-graph\">{\"@context\":\"https:\/\/schema.org\",\"@graph\":[{\"@type\":\"WebPage\",\"@id\":\"https:\/\/alu.fr\/index.php\/au5gt\/\",\"url\":\"https:\/\/alu.fr\/index.php\/au5gt\/\",\"name\":\"Pi\u00e8ces en alliage d'aluminium AU5GT - Alu.fr\",\"isPartOf\":{\"@id\":\"https:\/\/alu.fr\/#website\"},\"primaryImageOfPage\":{\"@id\":\"https:\/\/alu.fr\/index.php\/au5gt\/#primaryimage\"},\"image\":{\"@id\":\"https:\/\/alu.fr\/index.php\/au5gt\/#primaryimage\"},\"thumbnailUrl\":\"https:\/\/alu.fr\/wp-content\/uploads\/2025\/08\/POSTPROD_1_3_P1003788-1024x577.jpg\",\"datePublished\":\"2025-07-21T14:18:18+00:00\",\"dateModified\":\"2025-09-03T14:57:01+00:00\",\"description\":\"L\u2019AU5GT est un alliage pour pi\u00e8ces de fonderie n\u00e9cessitant de tr\u00e8s fortes contraintes m\u00e9caniques. Dot\u00e9 d'une excellente usinabilit\u00e9.\",\"breadcrumb\":{\"@id\":\"https:\/\/alu.fr\/index.php\/au5gt\/#breadcrumb\"},\"inLanguage\":\"fr-FR\",\"potentialAction\":[{\"@type\":\"ReadAction\",\"target\":[\"https:\/\/alu.fr\/index.php\/au5gt\/\"]}]},{\"@type\":\"ImageObject\",\"inLanguage\":\"fr-FR\",\"@id\":\"https:\/\/alu.fr\/index.php\/au5gt\/#primaryimage\",\"url\":\"https:\/\/alu.fr\/wp-content\/uploads\/2025\/08\/POSTPROD_1_3_P1003788-scaled.jpg\",\"contentUrl\":\"https:\/\/alu.fr\/wp-content\/uploads\/2025\/08\/POSTPROD_1_3_P1003788-scaled.jpg\",\"width\":2560,\"height\":1442,\"caption\":\"Pi\u00e8ce alliage AU5GT\"},{\"@type\":\"BreadcrumbList\",\"@id\":\"https:\/\/alu.fr\/index.php\/au5gt\/#breadcrumb\",\"itemListElement\":[{\"@type\":\"ListItem\",\"position\":1,\"name\":\"Accueil\",\"item\":\"https:\/\/alu.fr\/\"},{\"@type\":\"ListItem\",\"position\":2,\"name\":\"AU5GT\"}]},{\"@type\":\"WebSite\",\"@id\":\"https:\/\/alu.fr\/#website\",\"url\":\"https:\/\/alu.fr\/\",\"name\":\"Alu Livry\",\"description\":\"Conception de fonderie d&#039;alliage d&#039;aluminium, recommandation et optimisation\",\"publisher\":{\"@id\":\"https:\/\/alu.fr\/#organization\"},\"potentialAction\":[{\"@type\":\"SearchAction\",\"target\":{\"@type\":\"EntryPoint\",\"urlTemplate\":\"https:\/\/alu.fr\/?s={search_term_string}\"},\"query-input\":{\"@type\":\"PropertyValueSpecification\",\"valueRequired\":true,\"valueName\":\"search_term_string\"}}],\"inLanguage\":\"fr-FR\"},{\"@type\":\"Organization\",\"@id\":\"https:\/\/alu.fr\/#organization\",\"name\":\"Alu Livry\",\"url\":\"https:\/\/alu.fr\/\",\"logo\":{\"@type\":\"ImageObject\",\"inLanguage\":\"fr-FR\",\"@id\":\"https:\/\/alu.fr\/#\/schema\/logo\/image\/\",\"url\":\"https:\/\/alu.fr\/wp-content\/uploads\/2022\/10\/logo-1.png\",\"contentUrl\":\"https:\/\/alu.fr\/wp-content\/uploads\/2022\/10\/logo-1.png\",\"width\":135,\"height\":95,\"caption\":\"Alu Livry\"},\"image\":{\"@id\":\"https:\/\/alu.fr\/#\/schema\/logo\/image\/\"},\"sameAs\":[\"https:\/\/www.linkedin.com\/company\/alu-livry\/\"]}]}<\/script>\n<!-- \/ Yoast SEO plugin. -->","yoast_head_json":{"title":"Pi\u00e8ces en alliage d'aluminium AU5GT - Alu.fr","description":"L\u2019AU5GT est un alliage pour pi\u00e8ces de fonderie n\u00e9cessitant de tr\u00e8s fortes contraintes m\u00e9caniques. Dot\u00e9 d'une excellente usinabilit\u00e9.","robots":{"index":"index","follow":"follow","max-snippet":"max-snippet:-1","max-image-preview":"max-image-preview:large","max-video-preview":"max-video-preview:-1"},"canonical":"https:\/\/alu.fr\/index.php\/au5gt\/","og_locale":"fr_FR","og_type":"article","og_title":"Pi\u00e8ces en alliage d'aluminium AU5GT - Alu.fr","og_description":"L\u2019AU5GT est un alliage pour pi\u00e8ces de fonderie n\u00e9cessitant de tr\u00e8s fortes contraintes m\u00e9caniques. Dot\u00e9 d'une excellente usinabilit\u00e9.","og_url":"https:\/\/alu.fr\/index.php\/au5gt\/","og_site_name":"Alu.fr","article_modified_time":"2025-09-03T14:57:01+00:00","og_image":[{"width":2560,"height":1442,"url":"https:\/\/alu.fr\/wp-content\/uploads\/2025\/08\/POSTPROD_1_3_P1003788-scaled.jpg","type":"image\/jpeg"}],"twitter_card":"summary_large_image","twitter_misc":{"Dur\u00e9e de lecture estim\u00e9e":"1 minute"},"schema":{"@context":"https:\/\/schema.org","@graph":[{"@type":"WebPage","@id":"https:\/\/alu.fr\/index.php\/au5gt\/","url":"https:\/\/alu.fr\/index.php\/au5gt\/","name":"Pi\u00e8ces en alliage d'aluminium AU5GT - Alu.fr","isPartOf":{"@id":"https:\/\/alu.fr\/#website"},"primaryImageOfPage":{"@id":"https:\/\/alu.fr\/index.php\/au5gt\/#primaryimage"},"image":{"@id":"https:\/\/alu.fr\/index.php\/au5gt\/#primaryimage"},"thumbnailUrl":"https:\/\/alu.fr\/wp-content\/uploads\/2025\/08\/POSTPROD_1_3_P1003788-1024x577.jpg","datePublished":"2025-07-21T14:18:18+00:00","dateModified":"2025-09-03T14:57:01+00:00","description":"L\u2019AU5GT est un alliage pour pi\u00e8ces de fonderie n\u00e9cessitant de tr\u00e8s fortes contraintes m\u00e9caniques. Dot\u00e9 d'une excellente usinabilit\u00e9.","breadcrumb":{"@id":"https:\/\/alu.fr\/index.php\/au5gt\/#breadcrumb"},"inLanguage":"fr-FR","potentialAction":[{"@type":"ReadAction","target":["https:\/\/alu.fr\/index.php\/au5gt\/"]}]},{"@type":"ImageObject","inLanguage":"fr-FR","@id":"https:\/\/alu.fr\/index.php\/au5gt\/#primaryimage","url":"https:\/\/alu.fr\/wp-content\/uploads\/2025\/08\/POSTPROD_1_3_P1003788-scaled.jpg","contentUrl":"https:\/\/alu.fr\/wp-content\/uploads\/2025\/08\/POSTPROD_1_3_P1003788-scaled.jpg","width":2560,"height":1442,"caption":"Pi\u00e8ce alliage AU5GT"},{"@type":"BreadcrumbList","@id":"https:\/\/alu.fr\/index.php\/au5gt\/#breadcrumb","itemListElement":[{"@type":"ListItem","position":1,"name":"Accueil","item":"https:\/\/alu.fr\/"},{"@type":"ListItem","position":2,"name":"AU5GT"}]},{"@type":"WebSite","@id":"https:\/\/alu.fr\/#website","url":"https:\/\/alu.fr\/","name":"Alu Livry","description":"Conception de fonderie d&#039;alliage d&#039;aluminium, recommandation et optimisation","publisher":{"@id":"https:\/\/alu.fr\/#organization"},"potentialAction":[{"@type":"SearchAction","target":{"@type":"EntryPoint","urlTemplate":"https:\/\/alu.fr\/?s={search_term_string}"},"query-input":{"@type":"PropertyValueSpecification","valueRequired":true,"valueName":"search_term_string"}}],"inLanguage":"fr-FR"},{"@type":"Organization","@id":"https:\/\/alu.fr\/#organization","name":"Alu Livry","url":"https:\/\/alu.fr\/","logo":{"@type":"ImageObject","inLanguage":"fr-FR","@id":"https:\/\/alu.fr\/#\/schema\/logo\/image\/","url":"https:\/\/alu.fr\/wp-content\/uploads\/2022\/10\/logo-1.png","contentUrl":"https:\/\/alu.fr\/wp-content\/uploads\/2022\/10\/logo-1.png","width":135,"height":95,"caption":"Alu Livry"},"image":{"@id":"https:\/\/alu.fr\/#\/schema\/logo\/image\/"},"sameAs":["https:\/\/www.linkedin.com\/company\/alu-livry\/"]}]}},"_links":{"self":[{"href":"https:\/\/alu.fr\/index.php\/wp-json\/wp\/v2\/pages\/693","targetHints":{"allow":["GET"]}}],"collection":[{"href":"https:\/\/alu.fr\/index.php\/wp-json\/wp\/v2\/pages"}],"about":[{"href":"https:\/\/alu.fr\/index.php\/wp-json\/wp\/v2\/types\/page"}],"author":[{"embeddable":true,"href":"https:\/\/alu.fr\/index.php\/wp-json\/wp\/v2\/users\/1"}],"replies":[{"embeddable":true,"href":"https:\/\/alu.fr\/index.php\/wp-json\/wp\/v2\/comments?post=693"}],"version-history":[{"count":12,"href":"https:\/\/alu.fr\/index.php\/wp-json\/wp\/v2\/pages\/693\/revisions"}],"predecessor-version":[{"id":1491,"href":"https:\/\/alu.fr\/index.php\/wp-json\/wp\/v2\/pages\/693\/revisions\/1491"}],"wp:attachment":[{"href":"https:\/\/alu.fr\/index.php\/wp-json\/wp\/v2\/media?parent=693"}],"curies":[{"name":"wp","href":"https:\/\/api.w.org\/{rel}","templated":true}]}}