{"id":399,"date":"2022-11-08T21:58:56","date_gmt":"2022-11-08T20:58:56","guid":{"rendered":"http:\/\/alu.fr\/?page_id=399"},"modified":"2026-03-23T17:53:02","modified_gmt":"2026-03-23T16:53:02","slug":"ia","status":"publish","type":"page","link":"https:\/\/alu.fr\/index.php\/ia\/","title":{"rendered":"Conseils"},"content":{"rendered":"\n<p class=\"has-text-align-center\">NB: Toutes ces informations sont essentiellement tir\u00e9es d&rsquo;un rare et excellent ouvrage sur la fonderie<br>\u00e9crit par Monsieur FACY et Monsieur POMPIDOU, professeurs \u00e0 l&rsquo;Ecole Nationale Sup\u00e9rieure d&rsquo;Arts et M\u00e9tiers<br>\u00ab\u00a0PRECIS DE FONDERIE\u00a0\u00bb Editions AFNOR<\/p>\n\n\n\n<div class=\"wp-block-columns is-layout-flex wp-container-core-columns-is-layout-9d6595d7 wp-block-columns-is-layout-flex\">\n<div class=\"wp-block-column is-layout-flow wp-block-column-is-layout-flow\"><div class=\"wp-block-image\">\n<figure class=\"aligncenter size-full is-resized\"><img loading=\"lazy\" decoding=\"async\" width=\"160\" height=\"136\" src=\"https:\/\/alu.fr\/wp-content\/uploads\/2023\/09\/Masseisolee1.jpg\" alt=\"\" class=\"wp-image-542\" style=\"width:308px;height:262px\"\/><\/figure>\n<\/div>\n\n\n<p class=\"has-text-align-center\">Eviter les masses isol\u00e9es<\/p>\n<\/div>\n\n\n\n<div class=\"wp-block-column is-layout-flow wp-block-column-is-layout-flow\"><div class=\"wp-block-image\">\n<figure class=\"aligncenter size-full is-resized\"><img loading=\"lazy\" decoding=\"async\" width=\"160\" height=\"136\" src=\"https:\/\/alu.fr\/wp-content\/uploads\/2023\/09\/Paroimasseb.jpg\" alt=\"\" class=\"wp-image-541\" style=\"width:294px;height:250px\"\/><\/figure>\n<\/div>\n\n\n<p class=\"has-text-align-center\">Eviter les parois massives<\/p>\n<\/div>\n\n\n\n<div class=\"wp-block-column is-layout-flow wp-block-column-is-layout-flow\"><div class=\"wp-block-image\">\n<figure class=\"aligncenter size-full is-resized\"><img loading=\"lazy\" decoding=\"async\" width=\"160\" height=\"136\" src=\"https:\/\/alu.fr\/wp-content\/uploads\/2023\/09\/FormePieceb.jpg\" alt=\"\" class=\"wp-image-546\" style=\"width:299px;height:254px\"\/><\/figure>\n<\/div>\n\n\n<p class=\"has-text-align-center\">Eviter les masses indispensables<\/p>\n<\/div>\n<\/div>\n\n\n\n<div class=\"wp-block-columns is-layout-flex wp-container-core-columns-is-layout-9d6595d7 wp-block-columns-is-layout-flex\">\n<div class=\"wp-block-column is-layout-flow wp-block-column-is-layout-flow\"><div class=\"wp-block-image\">\n<figure class=\"aligncenter size-full is-resized\"><img loading=\"lazy\" decoding=\"async\" width=\"160\" height=\"136\" src=\"https:\/\/alu.fr\/wp-content\/uploads\/2023\/09\/Raccordparoinervb.jpg\" alt=\"\" class=\"wp-image-539\" style=\"width:351px;height:298px\"\/><\/figure>\n<\/div><\/div>\n\n\n\n<div class=\"wp-block-column is-layout-flow wp-block-column-is-layout-flow\"><div class=\"wp-block-image\">\n<figure class=\"aligncenter size-full is-resized\"><img loading=\"lazy\" decoding=\"async\" width=\"160\" height=\"136\" src=\"https:\/\/alu.fr\/wp-content\/uploads\/2023\/09\/Raccordparoilongb.jpg\" alt=\"\" class=\"wp-image-540\" style=\"width:348px;height:296px\"\/><\/figure>\n<\/div><\/div>\n\n\n\n<div class=\"wp-block-column is-layout-flow wp-block-column-is-layout-flow\"><div class=\"wp-block-image\">\n<figure class=\"aligncenter size-full is-resized\"><img loading=\"lazy\" decoding=\"async\" width=\"160\" height=\"136\" src=\"https:\/\/alu.fr\/wp-content\/uploads\/2023\/09\/RaccordAng1b.jpg\" alt=\"\" class=\"wp-image-543\" style=\"width:309px;height:263px\"\/><\/figure>\n<\/div><\/div>\n<\/div>\n\n\n\n<div class=\"wp-block-columns is-layout-flex wp-container-core-columns-is-layout-9d6595d7 wp-block-columns-is-layout-flex\">\n<div class=\"wp-block-column is-layout-flow wp-block-column-is-layout-flow\"><div class=\"wp-block-image\">\n<figure class=\"aligncenter size-full is-resized\"><img loading=\"lazy\" decoding=\"async\" width=\"160\" height=\"136\" src=\"https:\/\/alu.fr\/wp-content\/uploads\/2023\/09\/RaccordAng2b.jpg\" alt=\"\" class=\"wp-image-545\" style=\"width:332px;height:282px\"\/><\/figure>\n<\/div><\/div>\n\n\n\n<div class=\"wp-block-column is-layout-flow wp-block-column-is-layout-flow\"><div class=\"wp-block-image\">\n<figure class=\"aligncenter size-full is-resized\"><img loading=\"lazy\" decoding=\"async\" width=\"160\" height=\"136\" src=\"https:\/\/alu.fr\/wp-content\/uploads\/2023\/09\/FormePiece2b.jpg\" alt=\"\" class=\"wp-image-547\" style=\"width:301px;height:256px\"\/><\/figure>\n<\/div><\/div>\n\n\n\n<div class=\"wp-block-column is-layout-flow wp-block-column-is-layout-flow\">\n<figure class=\"wp-block-image size-full is-resized\"><img loading=\"lazy\" decoding=\"async\" width=\"160\" height=\"136\" src=\"https:\/\/alu.fr\/wp-content\/uploads\/2023\/09\/NoyauSableb.jpg\" alt=\"\" class=\"wp-image-544\" style=\"width:286px;height:243px\"\/><\/figure>\n<\/div>\n<\/div>\n\n\n\n<div style=\"height:40px\" aria-hidden=\"true\" class=\"wp-block-spacer\"><\/div>\n\n\n\n<style class=\"next-previous-btns-sibling\">\n  .next-previous-btns-sibling ~ * .wp-block-button__link.wp-element-button {\n    font-size: 1.125em;\n  }\n<\/style>\n\n\n\n<div class=\"wp-block-columns is-layout-flex wp-container-core-columns-is-layout-9d6595d7 wp-block-columns-is-layout-flex\">\n<div class=\"wp-block-column is-layout-flow wp-block-column-is-layout-flow\">\n<div class=\"wp-block-buttons is-layout-flex wp-block-buttons-is-layout-flex\">\n<div class=\"wp-block-button\"><a class=\"wp-block-button__link wp-element-button\" href=\"https:\/\/alu.fr\/index.php\/tolerances\/\">\u2190 Tol\u00e9rances<\/a><\/div>\n<\/div>\n<\/div>\n\n\n\n<div class=\"wp-block-column is-layout-flow wp-block-column-is-layout-flow\">\n<div class=\"wp-block-buttons is-content-justification-right is-layout-flex wp-container-core-buttons-is-layout-765c4724 wp-block-buttons-is-layout-flex\">\n<div class=\"wp-block-button\"><a class=\"wp-block-button__link wp-element-button\" href=\"https:\/\/alu.fr\/index.php\/proprietes\/\">Propri\u00e9t\u00e9s \u2192<\/a><\/div>\n<\/div>\n<\/div>\n<\/div>\n\n\n\n<div style=\"height:100px\" aria-hidden=\"true\" class=\"wp-block-spacer\"><\/div>\n\n\n\n<p><\/p>\n","protected":false},"excerpt":{"rendered":"<p>NB: Toutes ces informations sont essentiellement tir\u00e9es d&rsquo;un rare et excellent ouvrage sur la fonderie\u00e9crit par Monsieur FACY et Monsieur POMPIDOU, professeurs \u00e0 l&rsquo;Ecole Nationale Sup\u00e9rieure d&rsquo;Arts et M\u00e9tiers\u00ab\u00a0PRECIS DE FONDERIE\u00a0\u00bb Editions AFNOR Eviter les masses isol\u00e9es Eviter les parois massives Eviter les masses indispensables<\/p>\n","protected":false},"author":1,"featured_media":0,"parent":0,"menu_order":0,"comment_status":"closed","ping_status":"closed","template":"","meta":{"neve_meta_sidebar":"","neve_meta_container":"","neve_meta_enable_content_width":"","neve_meta_content_width":0,"neve_meta_title_alignment":"","neve_meta_author_avatar":"","neve_post_elements_order":"","neve_meta_disable_header":"","neve_meta_disable_footer":"","neve_meta_disable_title":"","footnotes":""},"class_list":["post-399","page","type-page","status-publish","hentry"],"yoast_head":"<!-- This site is optimized with the Yoast SEO plugin v25.6 - https:\/\/yoast.com\/wordpress\/plugins\/seo\/ -->\n<title>Conseils - Alu.fr<\/title>\n<meta name=\"description\" content=\"Fonderie, fonderie aluminium, fonderie coquille, fonderie sable, fonderie Alu-Livry, alliages legers, fonderie aluminium par gravite, fonderie aluminium coquille, fonderie\" \/>\n<meta name=\"robots\" content=\"index, follow, max-snippet:-1, max-image-preview:large, max-video-preview:-1\" \/>\n<link rel=\"canonical\" href=\"https:\/\/alu.fr\/index.php\/ia\/\" \/>\n<meta property=\"og:locale\" content=\"fr_FR\" \/>\n<meta property=\"og:type\" content=\"article\" \/>\n<meta property=\"og:title\" content=\"Conseils - Alu.fr\" \/>\n<meta property=\"og:description\" content=\"Fonderie, fonderie aluminium, fonderie coquille, fonderie sable, fonderie Alu-Livry, alliages legers, fonderie aluminium par gravite, fonderie aluminium coquille, fonderie\" \/>\n<meta property=\"og:url\" content=\"https:\/\/alu.fr\/index.php\/ia\/\" \/>\n<meta property=\"og:site_name\" content=\"Alu.fr\" \/>\n<meta property=\"article:modified_time\" content=\"2026-03-23T16:53:02+00:00\" \/>\n<meta property=\"og:image\" content=\"https:\/\/alu.fr\/wp-content\/uploads\/2023\/09\/Masseisolee1.jpg\" \/>\n\t<meta property=\"og:image:width\" content=\"160\" \/>\n\t<meta property=\"og:image:height\" content=\"136\" \/>\n\t<meta property=\"og:image:type\" content=\"image\/jpeg\" \/>\n<meta name=\"twitter:card\" content=\"summary_large_image\" \/>\n<meta name=\"twitter:label1\" content=\"Dur\u00e9e de lecture estim\u00e9e\" \/>\n\t<meta name=\"twitter:data1\" content=\"1 minute\" \/>\n<script type=\"application\/ld+json\" class=\"yoast-schema-graph\">{\"@context\":\"https:\/\/schema.org\",\"@graph\":[{\"@type\":\"WebPage\",\"@id\":\"https:\/\/alu.fr\/index.php\/ia\/\",\"url\":\"https:\/\/alu.fr\/index.php\/ia\/\",\"name\":\"Conseils - Alu.fr\",\"isPartOf\":{\"@id\":\"https:\/\/alu.fr\/#website\"},\"primaryImageOfPage\":{\"@id\":\"https:\/\/alu.fr\/index.php\/ia\/#primaryimage\"},\"image\":{\"@id\":\"https:\/\/alu.fr\/index.php\/ia\/#primaryimage\"},\"thumbnailUrl\":\"https:\/\/alu.fr\/wp-content\/uploads\/2023\/09\/Masseisolee1.jpg\",\"datePublished\":\"2022-11-08T20:58:56+00:00\",\"dateModified\":\"2026-03-23T16:53:02+00:00\",\"description\":\"Fonderie, fonderie aluminium, fonderie coquille, fonderie sable, fonderie Alu-Livry, alliages legers, fonderie aluminium par gravite, fonderie aluminium coquille, fonderie\",\"breadcrumb\":{\"@id\":\"https:\/\/alu.fr\/index.php\/ia\/#breadcrumb\"},\"inLanguage\":\"fr-FR\",\"potentialAction\":[{\"@type\":\"ReadAction\",\"target\":[\"https:\/\/alu.fr\/index.php\/ia\/\"]}]},{\"@type\":\"ImageObject\",\"inLanguage\":\"fr-FR\",\"@id\":\"https:\/\/alu.fr\/index.php\/ia\/#primaryimage\",\"url\":\"https:\/\/alu.fr\/wp-content\/uploads\/2023\/09\/Masseisolee1.jpg\",\"contentUrl\":\"https:\/\/alu.fr\/wp-content\/uploads\/2023\/09\/Masseisolee1.jpg\",\"width\":160,\"height\":136,\"caption\":\"Conseil : homog\u00e9n\u00e9iser l'\u00e9paisseur et \u00e9viter les zones pleines\"},{\"@type\":\"BreadcrumbList\",\"@id\":\"https:\/\/alu.fr\/index.php\/ia\/#breadcrumb\",\"itemListElement\":[{\"@type\":\"ListItem\",\"position\":1,\"name\":\"Accueil\",\"item\":\"https:\/\/alu.fr\/\"},{\"@type\":\"ListItem\",\"position\":2,\"name\":\"Conseils\"}]},{\"@type\":\"WebSite\",\"@id\":\"https:\/\/alu.fr\/#website\",\"url\":\"https:\/\/alu.fr\/\",\"name\":\"Alu Livry\",\"description\":\"Conception de fonderie d&#039;alliage d&#039;aluminium, recommandation et optimisation\",\"publisher\":{\"@id\":\"https:\/\/alu.fr\/#organization\"},\"potentialAction\":[{\"@type\":\"SearchAction\",\"target\":{\"@type\":\"EntryPoint\",\"urlTemplate\":\"https:\/\/alu.fr\/?s={search_term_string}\"},\"query-input\":{\"@type\":\"PropertyValueSpecification\",\"valueRequired\":true,\"valueName\":\"search_term_string\"}}],\"inLanguage\":\"fr-FR\"},{\"@type\":\"Organization\",\"@id\":\"https:\/\/alu.fr\/#organization\",\"name\":\"Alu Livry\",\"url\":\"https:\/\/alu.fr\/\",\"logo\":{\"@type\":\"ImageObject\",\"inLanguage\":\"fr-FR\",\"@id\":\"https:\/\/alu.fr\/#\/schema\/logo\/image\/\",\"url\":\"https:\/\/alu.fr\/wp-content\/uploads\/2022\/10\/logo-1.png\",\"contentUrl\":\"https:\/\/alu.fr\/wp-content\/uploads\/2022\/10\/logo-1.png\",\"width\":135,\"height\":95,\"caption\":\"Alu Livry\"},\"image\":{\"@id\":\"https:\/\/alu.fr\/#\/schema\/logo\/image\/\"},\"sameAs\":[\"https:\/\/www.linkedin.com\/company\/alu-livry\/\"]}]}<\/script>\n<!-- \/ Yoast SEO plugin. -->","yoast_head_json":{"title":"Conseils - Alu.fr","description":"Fonderie, fonderie aluminium, fonderie coquille, fonderie sable, fonderie Alu-Livry, alliages legers, fonderie aluminium par gravite, fonderie aluminium coquille, fonderie","robots":{"index":"index","follow":"follow","max-snippet":"max-snippet:-1","max-image-preview":"max-image-preview:large","max-video-preview":"max-video-preview:-1"},"canonical":"https:\/\/alu.fr\/index.php\/ia\/","og_locale":"fr_FR","og_type":"article","og_title":"Conseils - Alu.fr","og_description":"Fonderie, fonderie aluminium, fonderie coquille, fonderie sable, fonderie Alu-Livry, alliages legers, fonderie aluminium par gravite, fonderie aluminium coquille, fonderie","og_url":"https:\/\/alu.fr\/index.php\/ia\/","og_site_name":"Alu.fr","article_modified_time":"2026-03-23T16:53:02+00:00","og_image":[{"width":160,"height":136,"url":"https:\/\/alu.fr\/wp-content\/uploads\/2023\/09\/Masseisolee1.jpg","type":"image\/jpeg"}],"twitter_card":"summary_large_image","twitter_misc":{"Dur\u00e9e de lecture estim\u00e9e":"1 minute"},"schema":{"@context":"https:\/\/schema.org","@graph":[{"@type":"WebPage","@id":"https:\/\/alu.fr\/index.php\/ia\/","url":"https:\/\/alu.fr\/index.php\/ia\/","name":"Conseils - Alu.fr","isPartOf":{"@id":"https:\/\/alu.fr\/#website"},"primaryImageOfPage":{"@id":"https:\/\/alu.fr\/index.php\/ia\/#primaryimage"},"image":{"@id":"https:\/\/alu.fr\/index.php\/ia\/#primaryimage"},"thumbnailUrl":"https:\/\/alu.fr\/wp-content\/uploads\/2023\/09\/Masseisolee1.jpg","datePublished":"2022-11-08T20:58:56+00:00","dateModified":"2026-03-23T16:53:02+00:00","description":"Fonderie, fonderie aluminium, fonderie coquille, fonderie sable, fonderie Alu-Livry, alliages legers, fonderie aluminium par gravite, fonderie aluminium coquille, fonderie","breadcrumb":{"@id":"https:\/\/alu.fr\/index.php\/ia\/#breadcrumb"},"inLanguage":"fr-FR","potentialAction":[{"@type":"ReadAction","target":["https:\/\/alu.fr\/index.php\/ia\/"]}]},{"@type":"ImageObject","inLanguage":"fr-FR","@id":"https:\/\/alu.fr\/index.php\/ia\/#primaryimage","url":"https:\/\/alu.fr\/wp-content\/uploads\/2023\/09\/Masseisolee1.jpg","contentUrl":"https:\/\/alu.fr\/wp-content\/uploads\/2023\/09\/Masseisolee1.jpg","width":160,"height":136,"caption":"Conseil : homog\u00e9n\u00e9iser l'\u00e9paisseur et \u00e9viter les zones pleines"},{"@type":"BreadcrumbList","@id":"https:\/\/alu.fr\/index.php\/ia\/#breadcrumb","itemListElement":[{"@type":"ListItem","position":1,"name":"Accueil","item":"https:\/\/alu.fr\/"},{"@type":"ListItem","position":2,"name":"Conseils"}]},{"@type":"WebSite","@id":"https:\/\/alu.fr\/#website","url":"https:\/\/alu.fr\/","name":"Alu Livry","description":"Conception de fonderie d&#039;alliage d&#039;aluminium, recommandation et optimisation","publisher":{"@id":"https:\/\/alu.fr\/#organization"},"potentialAction":[{"@type":"SearchAction","target":{"@type":"EntryPoint","urlTemplate":"https:\/\/alu.fr\/?s={search_term_string}"},"query-input":{"@type":"PropertyValueSpecification","valueRequired":true,"valueName":"search_term_string"}}],"inLanguage":"fr-FR"},{"@type":"Organization","@id":"https:\/\/alu.fr\/#organization","name":"Alu Livry","url":"https:\/\/alu.fr\/","logo":{"@type":"ImageObject","inLanguage":"fr-FR","@id":"https:\/\/alu.fr\/#\/schema\/logo\/image\/","url":"https:\/\/alu.fr\/wp-content\/uploads\/2022\/10\/logo-1.png","contentUrl":"https:\/\/alu.fr\/wp-content\/uploads\/2022\/10\/logo-1.png","width":135,"height":95,"caption":"Alu Livry"},"image":{"@id":"https:\/\/alu.fr\/#\/schema\/logo\/image\/"},"sameAs":["https:\/\/www.linkedin.com\/company\/alu-livry\/"]}]}},"_links":{"self":[{"href":"https:\/\/alu.fr\/index.php\/wp-json\/wp\/v2\/pages\/399","targetHints":{"allow":["GET"]}}],"collection":[{"href":"https:\/\/alu.fr\/index.php\/wp-json\/wp\/v2\/pages"}],"about":[{"href":"https:\/\/alu.fr\/index.php\/wp-json\/wp\/v2\/types\/page"}],"author":[{"embeddable":true,"href":"https:\/\/alu.fr\/index.php\/wp-json\/wp\/v2\/users\/1"}],"replies":[{"embeddable":true,"href":"https:\/\/alu.fr\/index.php\/wp-json\/wp\/v2\/comments?post=399"}],"version-history":[{"count":10,"href":"https:\/\/alu.fr\/index.php\/wp-json\/wp\/v2\/pages\/399\/revisions"}],"predecessor-version":[{"id":1534,"href":"https:\/\/alu.fr\/index.php\/wp-json\/wp\/v2\/pages\/399\/revisions\/1534"}],"wp:attachment":[{"href":"https:\/\/alu.fr\/index.php\/wp-json\/wp\/v2\/media?parent=399"}],"curies":[{"name":"wp","href":"https:\/\/api.w.org\/{rel}","templated":true}]}}