{"id":376,"date":"2022-10-31T18:03:54","date_gmt":"2022-10-31T17:03:54","guid":{"rendered":"http:\/\/alu.fr\/?page_id=376"},"modified":"2025-09-03T12:13:24","modified_gmt":"2025-09-03T10:13:24","slug":"simulation","status":"publish","type":"page","link":"https:\/\/alu.fr\/index.php\/simulation\/","title":{"rendered":"Simulation"},"content":{"rendered":"\n<p>Nos techniques de simulation et notre logiciel PROCAST permettent un accompagnement complet avant l&rsquo;ex\u00e9cution en fonderie.<br>Alu Livry vous permet de <strong>confirmer la faisabilit\u00e9<\/strong> de votre projet et de l&rsquo;<strong>ajuster en amont de la production<\/strong>.<\/p>\n\n\n<div id=\"metaslider-id-933\" style=\"width: 100%; margin: 0 auto;\" class=\"ml-slider-3-100-0 metaslider metaslider-flex metaslider-933 ml-slider ms-theme-simply-dark has-dots-nav\" role=\"region\" aria-label=\"Nouveau diaporama\" data-height=\"300\" data-width=\"700\">\n    <div id=\"metaslider_container_933\">\n        <div id=\"metaslider_933\">\n            <ul aria-live='off' class='slides'>\n                <li style=\"display: block; width: 100%;\" class=\"slide-934 ms-image \" aria-roledescription=\"slide\" data-date=\"2025-07-30 11:38:50\"><img loading=\"lazy\" decoding=\"async\" width=\"500\" height=\"500\" src=\"https:\/\/alu.fr\/wp-content\/uploads\/2022\/11\/cao4.png\" class=\"slider-933 slide-934 msDefaultImage\" alt=\"Conception de moule sur logiciel\" rel=\"\" title=\"cao4\" style=\"margin: 0 auto; width: 42.857142857143%\" srcset=\"https:\/\/alu.fr\/wp-content\/uploads\/2022\/11\/cao4.png 500w, https:\/\/alu.fr\/wp-content\/uploads\/2022\/11\/cao4-300x300.png 300w, https:\/\/alu.fr\/wp-content\/uploads\/2022\/11\/cao4-150x150.png 150w\" sizes=\"auto, (max-width: 500px) 100vw, 500px\" \/><\/li>\n                <li style=\"display: none; width: 100%;\" class=\"slide-935 ms-image \" aria-roledescription=\"slide\" data-date=\"2025-07-30 11:40:01\"><img loading=\"lazy\" decoding=\"async\" width=\"1246\" height=\"1248\" src=\"https:\/\/alu.fr\/wp-content\/uploads\/2022\/10\/icon6.png\" class=\"slider-933 slide-935 msDefaultImage\" alt=\"Conception\" rel=\"\" title=\"icon6\" style=\"margin: 0 auto; width: 42.788461538462%\" srcset=\"https:\/\/alu.fr\/wp-content\/uploads\/2022\/10\/icon6.png 1246w, https:\/\/alu.fr\/wp-content\/uploads\/2022\/10\/icon6-300x300.png 300w, https:\/\/alu.fr\/wp-content\/uploads\/2022\/10\/icon6-1022x1024.png 1022w, https:\/\/alu.fr\/wp-content\/uploads\/2022\/10\/icon6-150x150.png 150w, https:\/\/alu.fr\/wp-content\/uploads\/2022\/10\/icon6-768x769.png 768w\" sizes=\"auto, (max-width: 1246px) 100vw, 1246px\" \/><\/li>\n                <li style=\"display: none; width: 100%;\" class=\"slide-936 ms-image \" aria-roledescription=\"slide\" data-date=\"2025-07-30 11:40:07\"><img loading=\"lazy\" decoding=\"async\" width=\"648\" height=\"777\" src=\"https:\/\/alu.fr\/wp-content\/uploads\/2022\/10\/icon2.png\" class=\"slider-933 slide-936 msDefaultImage\" alt=\"Outillage\" rel=\"\" title=\"icon2\" style=\"margin: 0 auto; width: 35.741864313293%\" srcset=\"https:\/\/alu.fr\/wp-content\/uploads\/2022\/10\/icon2.png 648w, https:\/\/alu.fr\/wp-content\/uploads\/2022\/10\/icon2-250x300.png 250w\" sizes=\"auto, (max-width: 648px) 100vw, 648px\" \/><\/li>\n            <\/ul>\n        <\/div>\n        \n    <\/div>\n<\/div>\n\n\n\n<div style=\"height:80px\" aria-hidden=\"true\" class=\"wp-block-spacer\"><\/div>\n\n\n\n<hr class=\"wp-block-separator has-alpha-channel-opacity\"\/>\n\n\n\n<p>Alu Livry con\u00e7oit et r\u00e9alise des outillages sur-mesure pour vos projets, garantissant les meilleurs d\u00e9lais.<br>\ud83d\udd17 <a href=\"https:\/\/alu.fr\/index.php\/conception-outillage\/\"><strong>En savoir plus sur la conception et l&rsquo;outillage<\/strong><\/a><\/p>\n\n\n\n<hr class=\"wp-block-separator has-alpha-channel-opacity\"\/>\n\n\n\n<div style=\"display: none;\">\n\n\n<figure class=\"wp-block-post-featured-image\"><img loading=\"lazy\" decoding=\"async\" width=\"500\" height=\"500\" src=\"https:\/\/alu.fr\/wp-content\/uploads\/2022\/11\/cao4.png\" class=\"attachment-post-thumbnail size-post-thumbnail wp-post-image\" alt=\"Conception de moule sur logiciel\" style=\"object-fit:cover;\" srcset=\"https:\/\/alu.fr\/wp-content\/uploads\/2022\/11\/cao4.png 500w, https:\/\/alu.fr\/wp-content\/uploads\/2022\/11\/cao4-300x300.png 300w, https:\/\/alu.fr\/wp-content\/uploads\/2022\/11\/cao4-150x150.png 150w\" sizes=\"auto, (max-width: 500px) 100vw, 500px\" \/><\/figure>\n\n\n<\/div>\n\n\n\n<div style=\"height:40px\" aria-hidden=\"true\" class=\"wp-block-spacer\"><\/div>\n\n\n\n<style class=\"next-previous-btns-sibling\">\n  .next-previous-btns-sibling ~ * .wp-block-button__link.wp-element-button {\n    font-size: 1.125em;\n  }\n<\/style>\n\n\n\n<div class=\"wp-block-columns is-layout-flex wp-container-core-columns-is-layout-9d6595d7 wp-block-columns-is-layout-flex\">\n<div class=\"wp-block-column is-layout-flow wp-block-column-is-layout-flow\">\n<div class=\"wp-block-buttons is-layout-flex wp-block-buttons-is-layout-flex\">\n<div class=\"wp-block-button\"><a class=\"wp-block-button__link wp-element-button\" href=\"https:\/\/alu.fr\/index.php\/fonderies\/\">\u2190 Fonderies<\/a><\/div>\n<\/div>\n<\/div>\n\n\n\n<div class=\"wp-block-column is-layout-flow wp-block-column-is-layout-flow\">\n<div class=\"wp-block-buttons is-content-justification-right is-layout-flex wp-container-core-buttons-is-layout-765c4724 wp-block-buttons-is-layout-flex\">\n<div class=\"wp-block-button\"><a class=\"wp-block-button__link wp-element-button\" href=\"https:\/\/alu.fr\/index.php\/conception-outillage\/\">Conception &amp; Outillages \u2192<\/a><\/div>\n<\/div>\n<\/div>\n<\/div>\n\n\n\n<div style=\"height:100px\" aria-hidden=\"true\" class=\"wp-block-spacer\"><\/div>\n","protected":false},"excerpt":{"rendered":"<p>Nos techniques de simulation et notre logiciel PROCAST permettent un accompagnement complet avant l&rsquo;ex\u00e9cution en fonderie.Alu Livry vous permet de confirmer la faisabilit\u00e9 de votre projet et de l&rsquo;ajuster en amont de la production. Alu Livry con\u00e7oit et r\u00e9alise des outillages sur-mesure pour vos projets, garantissant les meilleurs d\u00e9lais.\ud83d\udd17 En savoir plus sur la conception&hellip;&nbsp;<a href=\"https:\/\/alu.fr\/index.php\/simulation\/\" class=\"\" rel=\"bookmark\">Lire la suite &raquo;<span class=\"screen-reader-text\">Simulation<\/span><\/a><\/p>\n","protected":false},"author":1,"featured_media":484,"parent":0,"menu_order":0,"comment_status":"closed","ping_status":"closed","template":"","meta":{"neve_meta_sidebar":"","neve_meta_container":"","neve_meta_enable_content_width":"","neve_meta_content_width":0,"neve_meta_title_alignment":"","neve_meta_author_avatar":"","neve_post_elements_order":"","neve_meta_disable_header":"","neve_meta_disable_footer":"","neve_meta_disable_title":"","footnotes":""},"class_list":["post-376","page","type-page","status-publish","has-post-thumbnail","hentry"],"yoast_head":"<!-- This site is optimized with the Yoast SEO plugin v25.6 - https:\/\/yoast.com\/wordpress\/plugins\/seo\/ -->\n<title>Simulation de fonderie - Alu.fr<\/title>\n<meta name=\"description\" content=\"La simulation de fonderie permet de vous accompagner dans la conception de vos pi\u00e8ces techniques et d&#039;assurer la qualit\u00e9 en sortie.\" \/>\n<meta name=\"robots\" content=\"index, follow, max-snippet:-1, max-image-preview:large, max-video-preview:-1\" \/>\n<link rel=\"canonical\" href=\"https:\/\/alu.fr\/index.php\/simulation\/\" \/>\n<meta property=\"og:locale\" content=\"fr_FR\" \/>\n<meta property=\"og:type\" content=\"article\" \/>\n<meta property=\"og:title\" content=\"Simulation de fonderie - Alu.fr\" \/>\n<meta property=\"og:description\" content=\"La simulation de fonderie permet de vous accompagner dans la conception de vos pi\u00e8ces techniques et d&#039;assurer la qualit\u00e9 en sortie.\" \/>\n<meta property=\"og:url\" content=\"https:\/\/alu.fr\/index.php\/simulation\/\" \/>\n<meta property=\"og:site_name\" content=\"Alu.fr\" \/>\n<meta property=\"article:modified_time\" content=\"2025-09-03T10:13:24+00:00\" \/>\n<meta property=\"og:image\" content=\"https:\/\/alu.fr\/wp-content\/uploads\/2022\/11\/cao4.png\" \/>\n\t<meta property=\"og:image:width\" content=\"500\" \/>\n\t<meta property=\"og:image:height\" content=\"500\" \/>\n\t<meta property=\"og:image:type\" content=\"image\/png\" \/>\n<meta name=\"twitter:card\" content=\"summary_large_image\" \/>\n<meta name=\"twitter:label1\" content=\"Dur\u00e9e de lecture estim\u00e9e\" \/>\n\t<meta name=\"twitter:data1\" content=\"1 minute\" \/>\n<script type=\"application\/ld+json\" class=\"yoast-schema-graph\">{\"@context\":\"https:\/\/schema.org\",\"@graph\":[{\"@type\":\"WebPage\",\"@id\":\"https:\/\/alu.fr\/index.php\/simulation\/\",\"url\":\"https:\/\/alu.fr\/index.php\/simulation\/\",\"name\":\"Simulation de fonderie - Alu.fr\",\"isPartOf\":{\"@id\":\"https:\/\/alu.fr\/#website\"},\"primaryImageOfPage\":{\"@id\":\"https:\/\/alu.fr\/index.php\/simulation\/#primaryimage\"},\"image\":{\"@id\":\"https:\/\/alu.fr\/index.php\/simulation\/#primaryimage\"},\"thumbnailUrl\":\"https:\/\/alu.fr\/wp-content\/uploads\/2022\/11\/cao4.png\",\"datePublished\":\"2022-10-31T17:03:54+00:00\",\"dateModified\":\"2025-09-03T10:13:24+00:00\",\"description\":\"La simulation de fonderie permet de vous accompagner dans la conception de vos pi\u00e8ces techniques et d'assurer la qualit\u00e9 en sortie.\",\"breadcrumb\":{\"@id\":\"https:\/\/alu.fr\/index.php\/simulation\/#breadcrumb\"},\"inLanguage\":\"fr-FR\",\"potentialAction\":[{\"@type\":\"ReadAction\",\"target\":[\"https:\/\/alu.fr\/index.php\/simulation\/\"]}]},{\"@type\":\"ImageObject\",\"inLanguage\":\"fr-FR\",\"@id\":\"https:\/\/alu.fr\/index.php\/simulation\/#primaryimage\",\"url\":\"https:\/\/alu.fr\/wp-content\/uploads\/2022\/11\/cao4.png\",\"contentUrl\":\"https:\/\/alu.fr\/wp-content\/uploads\/2022\/11\/cao4.png\",\"width\":500,\"height\":500,\"caption\":\"Conception de moule sur logiciel\"},{\"@type\":\"BreadcrumbList\",\"@id\":\"https:\/\/alu.fr\/index.php\/simulation\/#breadcrumb\",\"itemListElement\":[{\"@type\":\"ListItem\",\"position\":1,\"name\":\"Accueil\",\"item\":\"https:\/\/alu.fr\/\"},{\"@type\":\"ListItem\",\"position\":2,\"name\":\"Simulation\"}]},{\"@type\":\"WebSite\",\"@id\":\"https:\/\/alu.fr\/#website\",\"url\":\"https:\/\/alu.fr\/\",\"name\":\"Alu Livry\",\"description\":\"Conception de fonderie d&#039;alliage d&#039;aluminium, recommandation et optimisation\",\"publisher\":{\"@id\":\"https:\/\/alu.fr\/#organization\"},\"potentialAction\":[{\"@type\":\"SearchAction\",\"target\":{\"@type\":\"EntryPoint\",\"urlTemplate\":\"https:\/\/alu.fr\/?s={search_term_string}\"},\"query-input\":{\"@type\":\"PropertyValueSpecification\",\"valueRequired\":true,\"valueName\":\"search_term_string\"}}],\"inLanguage\":\"fr-FR\"},{\"@type\":\"Organization\",\"@id\":\"https:\/\/alu.fr\/#organization\",\"name\":\"Alu Livry\",\"url\":\"https:\/\/alu.fr\/\",\"logo\":{\"@type\":\"ImageObject\",\"inLanguage\":\"fr-FR\",\"@id\":\"https:\/\/alu.fr\/#\/schema\/logo\/image\/\",\"url\":\"https:\/\/alu.fr\/wp-content\/uploads\/2022\/10\/logo-1.png\",\"contentUrl\":\"https:\/\/alu.fr\/wp-content\/uploads\/2022\/10\/logo-1.png\",\"width\":135,\"height\":95,\"caption\":\"Alu Livry\"},\"image\":{\"@id\":\"https:\/\/alu.fr\/#\/schema\/logo\/image\/\"},\"sameAs\":[\"https:\/\/www.linkedin.com\/company\/alu-livry\/\"]}]}<\/script>\n<!-- \/ Yoast SEO plugin. -->","yoast_head_json":{"title":"Simulation de fonderie - Alu.fr","description":"La simulation de fonderie permet de vous accompagner dans la conception de vos pi\u00e8ces techniques et d'assurer la qualit\u00e9 en sortie.","robots":{"index":"index","follow":"follow","max-snippet":"max-snippet:-1","max-image-preview":"max-image-preview:large","max-video-preview":"max-video-preview:-1"},"canonical":"https:\/\/alu.fr\/index.php\/simulation\/","og_locale":"fr_FR","og_type":"article","og_title":"Simulation de fonderie - Alu.fr","og_description":"La simulation de fonderie permet de vous accompagner dans la conception de vos pi\u00e8ces techniques et d'assurer la qualit\u00e9 en sortie.","og_url":"https:\/\/alu.fr\/index.php\/simulation\/","og_site_name":"Alu.fr","article_modified_time":"2025-09-03T10:13:24+00:00","og_image":[{"width":500,"height":500,"url":"https:\/\/alu.fr\/wp-content\/uploads\/2022\/11\/cao4.png","type":"image\/png"}],"twitter_card":"summary_large_image","twitter_misc":{"Dur\u00e9e de lecture estim\u00e9e":"1 minute"},"schema":{"@context":"https:\/\/schema.org","@graph":[{"@type":"WebPage","@id":"https:\/\/alu.fr\/index.php\/simulation\/","url":"https:\/\/alu.fr\/index.php\/simulation\/","name":"Simulation de fonderie - Alu.fr","isPartOf":{"@id":"https:\/\/alu.fr\/#website"},"primaryImageOfPage":{"@id":"https:\/\/alu.fr\/index.php\/simulation\/#primaryimage"},"image":{"@id":"https:\/\/alu.fr\/index.php\/simulation\/#primaryimage"},"thumbnailUrl":"https:\/\/alu.fr\/wp-content\/uploads\/2022\/11\/cao4.png","datePublished":"2022-10-31T17:03:54+00:00","dateModified":"2025-09-03T10:13:24+00:00","description":"La simulation de fonderie permet de vous accompagner dans la conception de vos pi\u00e8ces techniques et d'assurer la qualit\u00e9 en sortie.","breadcrumb":{"@id":"https:\/\/alu.fr\/index.php\/simulation\/#breadcrumb"},"inLanguage":"fr-FR","potentialAction":[{"@type":"ReadAction","target":["https:\/\/alu.fr\/index.php\/simulation\/"]}]},{"@type":"ImageObject","inLanguage":"fr-FR","@id":"https:\/\/alu.fr\/index.php\/simulation\/#primaryimage","url":"https:\/\/alu.fr\/wp-content\/uploads\/2022\/11\/cao4.png","contentUrl":"https:\/\/alu.fr\/wp-content\/uploads\/2022\/11\/cao4.png","width":500,"height":500,"caption":"Conception de moule sur logiciel"},{"@type":"BreadcrumbList","@id":"https:\/\/alu.fr\/index.php\/simulation\/#breadcrumb","itemListElement":[{"@type":"ListItem","position":1,"name":"Accueil","item":"https:\/\/alu.fr\/"},{"@type":"ListItem","position":2,"name":"Simulation"}]},{"@type":"WebSite","@id":"https:\/\/alu.fr\/#website","url":"https:\/\/alu.fr\/","name":"Alu Livry","description":"Conception de fonderie d&#039;alliage d&#039;aluminium, recommandation et optimisation","publisher":{"@id":"https:\/\/alu.fr\/#organization"},"potentialAction":[{"@type":"SearchAction","target":{"@type":"EntryPoint","urlTemplate":"https:\/\/alu.fr\/?s={search_term_string}"},"query-input":{"@type":"PropertyValueSpecification","valueRequired":true,"valueName":"search_term_string"}}],"inLanguage":"fr-FR"},{"@type":"Organization","@id":"https:\/\/alu.fr\/#organization","name":"Alu Livry","url":"https:\/\/alu.fr\/","logo":{"@type":"ImageObject","inLanguage":"fr-FR","@id":"https:\/\/alu.fr\/#\/schema\/logo\/image\/","url":"https:\/\/alu.fr\/wp-content\/uploads\/2022\/10\/logo-1.png","contentUrl":"https:\/\/alu.fr\/wp-content\/uploads\/2022\/10\/logo-1.png","width":135,"height":95,"caption":"Alu Livry"},"image":{"@id":"https:\/\/alu.fr\/#\/schema\/logo\/image\/"},"sameAs":["https:\/\/www.linkedin.com\/company\/alu-livry\/"]}]}},"_links":{"self":[{"href":"https:\/\/alu.fr\/index.php\/wp-json\/wp\/v2\/pages\/376","targetHints":{"allow":["GET"]}}],"collection":[{"href":"https:\/\/alu.fr\/index.php\/wp-json\/wp\/v2\/pages"}],"about":[{"href":"https:\/\/alu.fr\/index.php\/wp-json\/wp\/v2\/types\/page"}],"author":[{"embeddable":true,"href":"https:\/\/alu.fr\/index.php\/wp-json\/wp\/v2\/users\/1"}],"replies":[{"embeddable":true,"href":"https:\/\/alu.fr\/index.php\/wp-json\/wp\/v2\/comments?post=376"}],"version-history":[{"count":26,"href":"https:\/\/alu.fr\/index.php\/wp-json\/wp\/v2\/pages\/376\/revisions"}],"predecessor-version":[{"id":1447,"href":"https:\/\/alu.fr\/index.php\/wp-json\/wp\/v2\/pages\/376\/revisions\/1447"}],"wp:featuredmedia":[{"embeddable":true,"href":"https:\/\/alu.fr\/index.php\/wp-json\/wp\/v2\/media\/484"}],"wp:attachment":[{"href":"https:\/\/alu.fr\/index.php\/wp-json\/wp\/v2\/media?parent=376"}],"curies":[{"name":"wp","href":"https:\/\/api.w.org\/{rel}","templated":true}]}}