{"id":374,"date":"2022-10-31T18:03:31","date_gmt":"2022-10-31T17:03:31","guid":{"rendered":"http:\/\/alu.fr\/?page_id=374"},"modified":"2025-09-03T17:24:03","modified_gmt":"2025-09-03T15:24:03","slug":"as7g","status":"publish","type":"page","link":"https:\/\/alu.fr\/index.php\/as7g\/","title":{"rendered":"AS7G"},"content":{"rendered":"\n<p>L&rsquo;AS7G est l\u2019alliage <strong>recommand\u00e9<\/strong> pour toutes les pi\u00e8ces de fonderie soumises aux <strong>contraintes m\u00e9caniques<\/strong>.<br>De plus il peut \u00eatre trait\u00e9 thermiquement pour en augmenter la r\u00e9sistance.<\/p>\n\n\n\n<p><a href=\"https:\/\/alu.fr\/index.php\/proprietes\/\"><\/a><a href=\"https:\/\/alu.fr\/index.php\/usinage\/\">\u2192 Voir toutes les propri\u00e9t\u00e9s<\/a><\/p>\n\n\n\n<div class=\"wp-block-media-text is-stacked-on-mobile\" style=\"grid-template-columns:67% auto\"><figure class=\"wp-block-media-text__media\"><img loading=\"lazy\" decoding=\"async\" width=\"800\" height=\"632\" src=\"https:\/\/alu.fr\/wp-content\/uploads\/2022\/10\/alu_armement.jpg\" alt=\"Pi\u00e8ce armement AS7G\" class=\"wp-image-58 size-full\" srcset=\"https:\/\/alu.fr\/wp-content\/uploads\/2022\/10\/alu_armement.jpg 800w, https:\/\/alu.fr\/wp-content\/uploads\/2022\/10\/alu_armement-300x237.jpg 300w, https:\/\/alu.fr\/wp-content\/uploads\/2022\/10\/alu_armement-768x607.jpg 768w\" sizes=\"auto, (max-width: 800px) 100vw, 800px\" \/><\/figure><div class=\"wp-block-media-text__content\">\n<p><strong>Finition parfaite &#8211; contr\u00f4le 100%<br>Traitement thermique<\/strong><br>60 cm &#8211; 23 kg<\/p>\n<\/div><\/div>\n\n\n\n<div style=\"height:60px\" aria-hidden=\"true\" class=\"wp-block-spacer\"><\/div>\n\n\n\n<div class=\"wp-block-columns is-layout-flex wp-container-core-columns-is-layout-9d6595d7 wp-block-columns-is-layout-flex\">\n<div class=\"wp-block-column is-layout-flow wp-block-column-is-layout-flow\" style=\"flex-basis:66.7%\">\n<p>Les applications de l&rsquo;AS7G sont nombreuses et diverses : <strong>automobile<\/strong>, <strong>ferroviaire<\/strong>, <strong>a\u00e9ronautique<\/strong>, pi\u00e8ces de <strong>machines<\/strong>, composants structurels, etc\u2026<\/p>\n<\/div>\n\n\n\n<div class=\"wp-block-column is-layout-flow wp-block-column-is-layout-flow\" style=\"flex-basis:33.33%\"><\/div>\n<\/div>\n\n\n<div id=\"metaslider-id-1469\" style=\"width: 100%;\" class=\"ml-slider-3-100-0 metaslider metaslider-flex metaslider-1469 ml-slider ms-theme-default-base has-carousel-mode has-dots-nav\" role=\"region\" aria-label=\"Pieces_AS7G_1\" data-height=\"450\" data-width=\"700\">\n    <div id=\"metaslider_container_1469\">\n        <div id=\"metaslider_1469\">\n            <ul aria-live='off' class='slides'>\n                <li style=\"display: none; width: 100%;\" class=\"slide-1504 ms-image \" aria-roledescription=\"slide\" data-date=\"2025-09-03 17:33:30\"><img loading=\"lazy\" decoding=\"async\" src=\"https:\/\/alu.fr\/wp-content\/uploads\/2025\/09\/POSTPROD_11_1_P1003613-scaled-700x450.jpg\" height=\"450\" width=\"700\" alt=\"Pi\u00e8ce peinte alliage AS7G\" class=\"slider-1469 slide-1504 msDefaultImage\" title=\"POSTPROD_11_1_P1003613\" \/><\/li>\n                <li style=\"display: none; width: 100%;\" class=\"slide-1492 ms-image \" aria-roledescription=\"slide\" data-date=\"2025-09-03 17:02:12\"><img loading=\"lazy\" decoding=\"async\" src=\"https:\/\/alu.fr\/wp-content\/uploads\/2025\/09\/POSTPROD_5_1_P1003768-scaled-700x450.jpg\" height=\"450\" width=\"700\" alt=\"Pi\u00e8ce usin\u00e9e alliage AS7G\" class=\"slider-1469 slide-1492 msDefaultImage\" title=\"POSTPROD_5_1_P1003768\" \/><\/li>\n                <li style=\"display: none; width: 100%;\" class=\"slide-1493 ms-image \" aria-roledescription=\"slide\" data-date=\"2025-09-03 17:02:12\"><img loading=\"lazy\" decoding=\"async\" src=\"https:\/\/alu.fr\/wp-content\/uploads\/2025\/09\/POSTPROD_4_1_P1003607___AS7G-1-scaled-700x450.jpg\" height=\"450\" width=\"700\" alt=\"Pi\u00e8ce usin\u00e9e alliage AS7G\" class=\"slider-1469 slide-1493 msDefaultImage\" title=\"POSTPROD_4_1_P1003607___AS7G\" \/><\/li>\n                <li style=\"display: none; width: 100%;\" class=\"slide-1494 ms-image \" aria-roledescription=\"slide\" data-date=\"2025-09-03 17:02:12\"><img loading=\"lazy\" decoding=\"async\" src=\"https:\/\/alu.fr\/wp-content\/uploads\/2025\/09\/POSTPROD_3_1_P1003641-scaled-700x450.jpg\" height=\"450\" width=\"700\" alt=\"Pi\u00e8ce usin\u00e9e alliage AS7G\" class=\"slider-1469 slide-1494 msDefaultImage\" title=\"POSTPROD_3_1_P1003641\" \/><\/li>\n            <\/ul>\n        <\/div>\n        \n    <\/div>\n<\/div>\n\n\n\n<div style=\"height:60px\" aria-hidden=\"true\" class=\"wp-block-spacer\"><\/div>\n\n\n\n<div class=\"wp-block-columns is-layout-flex wp-container-core-columns-is-layout-9d6595d7 wp-block-columns-is-layout-flex\">\n<div class=\"wp-block-column is-layout-flow wp-block-column-is-layout-flow\">\n<figure class=\"wp-block-image size-full\"><img loading=\"lazy\" decoding=\"async\" width=\"800\" height=\"632\" src=\"https:\/\/alu.fr\/wp-content\/uploads\/2022\/10\/alu_hydro.jpg\" alt=\"Pi\u00e8ce hydraulique AS7G\" class=\"wp-image-65\" srcset=\"https:\/\/alu.fr\/wp-content\/uploads\/2022\/10\/alu_hydro.jpg 800w, https:\/\/alu.fr\/wp-content\/uploads\/2022\/10\/alu_hydro-300x237.jpg 300w, https:\/\/alu.fr\/wp-content\/uploads\/2022\/10\/alu_hydro-768x607.jpg 768w\" sizes=\"auto, (max-width: 800px) 100vw, 800px\" \/><figcaption class=\"wp-element-caption\"><strong>\u00c9tanche 170 Bars<\/strong><\/figcaption><\/figure>\n<\/div>\n\n\n\n<div class=\"wp-block-column is-layout-flow wp-block-column-is-layout-flow\">\n<figure class=\"wp-block-image size-full\"><img loading=\"lazy\" decoding=\"async\" width=\"800\" height=\"632\" src=\"https:\/\/alu.fr\/wp-content\/uploads\/2022\/10\/alu_freinage.jpg\" alt=\"Pi\u00e8ce hydraulique AS7G\" class=\"wp-image-64\" srcset=\"https:\/\/alu.fr\/wp-content\/uploads\/2022\/10\/alu_freinage.jpg 800w, https:\/\/alu.fr\/wp-content\/uploads\/2022\/10\/alu_freinage-300x237.jpg 300w, https:\/\/alu.fr\/wp-content\/uploads\/2022\/10\/alu_freinage-768x607.jpg 768w\" sizes=\"auto, (max-width: 800px) 100vw, 800px\" \/><figcaption class=\"wp-element-caption\"><strong>Hydraulique, freinage poids lourd<\/strong><\/figcaption><\/figure>\n<\/div>\n<\/div>\n\n\n\n<div style=\"height:20px\" aria-hidden=\"true\" class=\"wp-block-spacer\"><\/div>\n\n\n\n<hr class=\"wp-block-separator has-alpha-channel-opacity\"\/>\n\n\n\n<p>Pour des pi\u00e8ces m\u00e9caniques soumises \u00e0 de beaucoup plus fortes contraintes, il sera recommand\u00e9 d\u2019utiliser <a href=\"https:\/\/alu.fr\/index.php\/au5gt\/\">l\u2019alliage AU5GT <span style=\"font-size:.8em;\">(AlCu5MgTi)<\/span><\/a>.<\/p>\n\n\n\n<hr class=\"wp-block-separator has-alpha-channel-opacity\"\/>\n\n\n\n<div style=\"height:40px\" aria-hidden=\"true\" class=\"wp-block-spacer\"><\/div>\n\n\n\n<style class=\"next-previous-btns-sibling\">\n  .next-previous-btns-sibling ~ * .wp-block-button__link.wp-element-button {\n    font-size: 1.125em;\n  }\n<\/style>\n\n\n\n<div class=\"wp-block-columns is-layout-flex wp-container-core-columns-is-layout-9d6595d7 wp-block-columns-is-layout-flex\">\n<div class=\"wp-block-column is-layout-flow wp-block-column-is-layout-flow\">\n<div class=\"wp-block-buttons is-layout-flex wp-block-buttons-is-layout-flex\">\n<div class=\"wp-block-button\"><a class=\"wp-block-button__link wp-element-button\" href=\"https:\/\/alu.fr\/index.php\/au5gt\/\">\u2190 AU5GT<\/a><\/div>\n<\/div>\n<\/div>\n\n\n\n<div class=\"wp-block-column is-layout-flow wp-block-column-is-layout-flow\">\n<div class=\"wp-block-buttons is-content-justification-right is-layout-flex wp-container-core-buttons-is-layout-765c4724 wp-block-buttons-is-layout-flex\">\n<div class=\"wp-block-button\"><a class=\"wp-block-button__link wp-element-button\" href=\"https:\/\/alu.fr\/index.php\/autres-alliages\/\">Autres alliages \u2192<\/a><\/div>\n<\/div>\n<\/div>\n<\/div>\n\n\n\n<div style=\"height:100px\" aria-hidden=\"true\" class=\"wp-block-spacer\"><\/div>\n","protected":false},"excerpt":{"rendered":"<p>L&rsquo;AS7G est l\u2019alliage recommand\u00e9 pour toutes les pi\u00e8ces de fonderie soumises aux contraintes m\u00e9caniques.De plus il peut \u00eatre trait\u00e9 thermiquement pour en augmenter la r\u00e9sistance. \u2192 Voir toutes les propri\u00e9t\u00e9s Finition parfaite &#8211; contr\u00f4le 100%Traitement thermique60 cm &#8211; 23 kg Les applications de l&rsquo;AS7G sont nombreuses et diverses : automobile, ferroviaire, a\u00e9ronautique, pi\u00e8ces de machines,&hellip;&nbsp;<a href=\"https:\/\/alu.fr\/index.php\/as7g\/\" class=\"\" rel=\"bookmark\">Lire la suite &raquo;<span class=\"screen-reader-text\">AS7G<\/span><\/a><\/p>\n","protected":false},"author":1,"featured_media":0,"parent":0,"menu_order":0,"comment_status":"closed","ping_status":"closed","template":"","meta":{"neve_meta_sidebar":"","neve_meta_container":"","neve_meta_enable_content_width":"","neve_meta_content_width":0,"neve_meta_title_alignment":"","neve_meta_author_avatar":"","neve_post_elements_order":"","neve_meta_disable_header":"","neve_meta_disable_footer":"","neve_meta_disable_title":"","footnotes":""},"class_list":["post-374","page","type-page","status-publish","hentry"],"yoast_head":"<!-- This site is optimized with the Yoast SEO plugin v25.6 - https:\/\/yoast.com\/wordpress\/plugins\/seo\/ -->\n<title>Pi\u00e8ces en alliage d&#039;aluminium AS7G - Alu.fr<\/title>\n<meta name=\"description\" content=\"L\u2019alliage AS7G est recommand\u00e9 pour les pi\u00e8ces de fonderie soumises aux contraintes m\u00e9caniques. Traitement thermique possible (r\u00e9sistance+).\" \/>\n<meta name=\"robots\" content=\"index, follow, max-snippet:-1, max-image-preview:large, max-video-preview:-1\" \/>\n<link rel=\"canonical\" href=\"https:\/\/alu.fr\/index.php\/as7g\/\" \/>\n<meta property=\"og:locale\" content=\"fr_FR\" \/>\n<meta property=\"og:type\" content=\"article\" \/>\n<meta property=\"og:title\" content=\"Pi\u00e8ces en alliage d&#039;aluminium AS7G - Alu.fr\" \/>\n<meta property=\"og:description\" content=\"L\u2019alliage AS7G est recommand\u00e9 pour les pi\u00e8ces de fonderie soumises aux contraintes m\u00e9caniques. Traitement thermique possible (r\u00e9sistance+).\" \/>\n<meta property=\"og:url\" content=\"https:\/\/alu.fr\/index.php\/as7g\/\" \/>\n<meta property=\"og:site_name\" content=\"Alu.fr\" \/>\n<meta property=\"article:modified_time\" content=\"2025-09-03T15:24:03+00:00\" \/>\n<meta property=\"og:image\" content=\"https:\/\/alu.fr\/wp-content\/uploads\/2022\/10\/alu_armement.jpg\" \/>\n\t<meta property=\"og:image:width\" content=\"800\" \/>\n\t<meta property=\"og:image:height\" content=\"632\" \/>\n\t<meta property=\"og:image:type\" content=\"image\/jpeg\" \/>\n<meta name=\"twitter:card\" content=\"summary_large_image\" \/>\n<meta name=\"twitter:label1\" content=\"Dur\u00e9e de lecture estim\u00e9e\" \/>\n\t<meta name=\"twitter:data1\" content=\"2 minutes\" \/>\n<script type=\"application\/ld+json\" class=\"yoast-schema-graph\">{\"@context\":\"https:\/\/schema.org\",\"@graph\":[{\"@type\":\"WebPage\",\"@id\":\"https:\/\/alu.fr\/index.php\/as7g\/\",\"url\":\"https:\/\/alu.fr\/index.php\/as7g\/\",\"name\":\"Pi\u00e8ces en alliage d'aluminium AS7G - Alu.fr\",\"isPartOf\":{\"@id\":\"https:\/\/alu.fr\/#website\"},\"primaryImageOfPage\":{\"@id\":\"https:\/\/alu.fr\/index.php\/as7g\/#primaryimage\"},\"image\":{\"@id\":\"https:\/\/alu.fr\/index.php\/as7g\/#primaryimage\"},\"thumbnailUrl\":\"https:\/\/alu.fr\/wp-content\/uploads\/2022\/10\/alu_armement.jpg\",\"datePublished\":\"2022-10-31T17:03:31+00:00\",\"dateModified\":\"2025-09-03T15:24:03+00:00\",\"description\":\"L\u2019alliage AS7G est recommand\u00e9 pour les pi\u00e8ces de fonderie soumises aux contraintes m\u00e9caniques. Traitement thermique possible (r\u00e9sistance+).\",\"breadcrumb\":{\"@id\":\"https:\/\/alu.fr\/index.php\/as7g\/#breadcrumb\"},\"inLanguage\":\"fr-FR\",\"potentialAction\":[{\"@type\":\"ReadAction\",\"target\":[\"https:\/\/alu.fr\/index.php\/as7g\/\"]}]},{\"@type\":\"ImageObject\",\"inLanguage\":\"fr-FR\",\"@id\":\"https:\/\/alu.fr\/index.php\/as7g\/#primaryimage\",\"url\":\"https:\/\/alu.fr\/wp-content\/uploads\/2022\/10\/alu_armement.jpg\",\"contentUrl\":\"https:\/\/alu.fr\/wp-content\/uploads\/2022\/10\/alu_armement.jpg\",\"width\":800,\"height\":632,\"caption\":\"Pi\u00e8ce armement AS7G\"},{\"@type\":\"BreadcrumbList\",\"@id\":\"https:\/\/alu.fr\/index.php\/as7g\/#breadcrumb\",\"itemListElement\":[{\"@type\":\"ListItem\",\"position\":1,\"name\":\"Accueil\",\"item\":\"https:\/\/alu.fr\/\"},{\"@type\":\"ListItem\",\"position\":2,\"name\":\"AS7G\"}]},{\"@type\":\"WebSite\",\"@id\":\"https:\/\/alu.fr\/#website\",\"url\":\"https:\/\/alu.fr\/\",\"name\":\"Alu Livry\",\"description\":\"Conception de fonderie d&#039;alliage d&#039;aluminium, recommandation et optimisation\",\"publisher\":{\"@id\":\"https:\/\/alu.fr\/#organization\"},\"potentialAction\":[{\"@type\":\"SearchAction\",\"target\":{\"@type\":\"EntryPoint\",\"urlTemplate\":\"https:\/\/alu.fr\/?s={search_term_string}\"},\"query-input\":{\"@type\":\"PropertyValueSpecification\",\"valueRequired\":true,\"valueName\":\"search_term_string\"}}],\"inLanguage\":\"fr-FR\"},{\"@type\":\"Organization\",\"@id\":\"https:\/\/alu.fr\/#organization\",\"name\":\"Alu Livry\",\"url\":\"https:\/\/alu.fr\/\",\"logo\":{\"@type\":\"ImageObject\",\"inLanguage\":\"fr-FR\",\"@id\":\"https:\/\/alu.fr\/#\/schema\/logo\/image\/\",\"url\":\"https:\/\/alu.fr\/wp-content\/uploads\/2022\/10\/logo-1.png\",\"contentUrl\":\"https:\/\/alu.fr\/wp-content\/uploads\/2022\/10\/logo-1.png\",\"width\":135,\"height\":95,\"caption\":\"Alu Livry\"},\"image\":{\"@id\":\"https:\/\/alu.fr\/#\/schema\/logo\/image\/\"},\"sameAs\":[\"https:\/\/www.linkedin.com\/company\/alu-livry\/\"]}]}<\/script>\n<!-- \/ Yoast SEO plugin. -->","yoast_head_json":{"title":"Pi\u00e8ces en alliage d'aluminium AS7G - Alu.fr","description":"L\u2019alliage AS7G est recommand\u00e9 pour les pi\u00e8ces de fonderie soumises aux contraintes m\u00e9caniques. Traitement thermique possible (r\u00e9sistance+).","robots":{"index":"index","follow":"follow","max-snippet":"max-snippet:-1","max-image-preview":"max-image-preview:large","max-video-preview":"max-video-preview:-1"},"canonical":"https:\/\/alu.fr\/index.php\/as7g\/","og_locale":"fr_FR","og_type":"article","og_title":"Pi\u00e8ces en alliage d'aluminium AS7G - Alu.fr","og_description":"L\u2019alliage AS7G est recommand\u00e9 pour les pi\u00e8ces de fonderie soumises aux contraintes m\u00e9caniques. Traitement thermique possible (r\u00e9sistance+).","og_url":"https:\/\/alu.fr\/index.php\/as7g\/","og_site_name":"Alu.fr","article_modified_time":"2025-09-03T15:24:03+00:00","og_image":[{"width":800,"height":632,"url":"https:\/\/alu.fr\/wp-content\/uploads\/2022\/10\/alu_armement.jpg","type":"image\/jpeg"}],"twitter_card":"summary_large_image","twitter_misc":{"Dur\u00e9e de lecture estim\u00e9e":"2 minutes"},"schema":{"@context":"https:\/\/schema.org","@graph":[{"@type":"WebPage","@id":"https:\/\/alu.fr\/index.php\/as7g\/","url":"https:\/\/alu.fr\/index.php\/as7g\/","name":"Pi\u00e8ces en alliage d'aluminium AS7G - Alu.fr","isPartOf":{"@id":"https:\/\/alu.fr\/#website"},"primaryImageOfPage":{"@id":"https:\/\/alu.fr\/index.php\/as7g\/#primaryimage"},"image":{"@id":"https:\/\/alu.fr\/index.php\/as7g\/#primaryimage"},"thumbnailUrl":"https:\/\/alu.fr\/wp-content\/uploads\/2022\/10\/alu_armement.jpg","datePublished":"2022-10-31T17:03:31+00:00","dateModified":"2025-09-03T15:24:03+00:00","description":"L\u2019alliage AS7G est recommand\u00e9 pour les pi\u00e8ces de fonderie soumises aux contraintes m\u00e9caniques. Traitement thermique possible (r\u00e9sistance+).","breadcrumb":{"@id":"https:\/\/alu.fr\/index.php\/as7g\/#breadcrumb"},"inLanguage":"fr-FR","potentialAction":[{"@type":"ReadAction","target":["https:\/\/alu.fr\/index.php\/as7g\/"]}]},{"@type":"ImageObject","inLanguage":"fr-FR","@id":"https:\/\/alu.fr\/index.php\/as7g\/#primaryimage","url":"https:\/\/alu.fr\/wp-content\/uploads\/2022\/10\/alu_armement.jpg","contentUrl":"https:\/\/alu.fr\/wp-content\/uploads\/2022\/10\/alu_armement.jpg","width":800,"height":632,"caption":"Pi\u00e8ce armement AS7G"},{"@type":"BreadcrumbList","@id":"https:\/\/alu.fr\/index.php\/as7g\/#breadcrumb","itemListElement":[{"@type":"ListItem","position":1,"name":"Accueil","item":"https:\/\/alu.fr\/"},{"@type":"ListItem","position":2,"name":"AS7G"}]},{"@type":"WebSite","@id":"https:\/\/alu.fr\/#website","url":"https:\/\/alu.fr\/","name":"Alu Livry","description":"Conception de fonderie d&#039;alliage d&#039;aluminium, recommandation et optimisation","publisher":{"@id":"https:\/\/alu.fr\/#organization"},"potentialAction":[{"@type":"SearchAction","target":{"@type":"EntryPoint","urlTemplate":"https:\/\/alu.fr\/?s={search_term_string}"},"query-input":{"@type":"PropertyValueSpecification","valueRequired":true,"valueName":"search_term_string"}}],"inLanguage":"fr-FR"},{"@type":"Organization","@id":"https:\/\/alu.fr\/#organization","name":"Alu Livry","url":"https:\/\/alu.fr\/","logo":{"@type":"ImageObject","inLanguage":"fr-FR","@id":"https:\/\/alu.fr\/#\/schema\/logo\/image\/","url":"https:\/\/alu.fr\/wp-content\/uploads\/2022\/10\/logo-1.png","contentUrl":"https:\/\/alu.fr\/wp-content\/uploads\/2022\/10\/logo-1.png","width":135,"height":95,"caption":"Alu Livry"},"image":{"@id":"https:\/\/alu.fr\/#\/schema\/logo\/image\/"},"sameAs":["https:\/\/www.linkedin.com\/company\/alu-livry\/"]}]}},"_links":{"self":[{"href":"https:\/\/alu.fr\/index.php\/wp-json\/wp\/v2\/pages\/374","targetHints":{"allow":["GET"]}}],"collection":[{"href":"https:\/\/alu.fr\/index.php\/wp-json\/wp\/v2\/pages"}],"about":[{"href":"https:\/\/alu.fr\/index.php\/wp-json\/wp\/v2\/types\/page"}],"author":[{"embeddable":true,"href":"https:\/\/alu.fr\/index.php\/wp-json\/wp\/v2\/users\/1"}],"replies":[{"embeddable":true,"href":"https:\/\/alu.fr\/index.php\/wp-json\/wp\/v2\/comments?post=374"}],"version-history":[{"count":39,"href":"https:\/\/alu.fr\/index.php\/wp-json\/wp\/v2\/pages\/374\/revisions"}],"predecessor-version":[{"id":1502,"href":"https:\/\/alu.fr\/index.php\/wp-json\/wp\/v2\/pages\/374\/revisions\/1502"}],"wp:attachment":[{"href":"https:\/\/alu.fr\/index.php\/wp-json\/wp\/v2\/media?parent=374"}],"curies":[{"name":"wp","href":"https:\/\/api.w.org\/{rel}","templated":true}]}}