{"id":370,"date":"2022-10-31T18:01:47","date_gmt":"2022-10-31T17:01:47","guid":{"rendered":"http:\/\/alu.fr\/?page_id=370"},"modified":"2025-09-03T11:55:24","modified_gmt":"2025-09-03T09:55:24","slug":"fonderies","status":"publish","type":"page","link":"https:\/\/alu.fr\/index.php\/fonderies\/","title":{"rendered":"Fonderies"},"content":{"rendered":"\n<p>Alu Livry propose une production de grande qualit\u00e9 tout au long du processus de fonderie d&rsquo;aluminium.<br>Nous assurons le traitement complet de l&rsquo;aluminium, de la <strong><a href=\"https:\/\/alu.fr\/index.php\/conception-outillage\/\">conception de moule<\/a><\/strong> et de la <strong><a href=\"https:\/\/alu.fr\/index.php\/simulation\/\">simulation de coul\u00e9e<\/a><\/strong> aux <strong>contr\u00f4les qualit\u00e9<\/strong>.<\/p>\n\n\n\n<div class=\"wp-block-columns is-layout-flex wp-container-core-columns-is-layout-9d6595d7 wp-block-columns-is-layout-flex\">\n<div class=\"wp-block-column is-layout-flow wp-block-column-is-layout-flow\">\n<figure class=\"wp-block-video\"><video height=\"360\" style=\"aspect-ratio: 640 \/ 360;\" width=\"640\" controls src=\"https:\/\/alu.fr\/wp-content\/uploads\/2025\/08\/alu_conception_moule_V2.mp4\"><\/video><\/figure>\n\n\n\n<p class=\"has-text-align-center\"><strong>Conception du Moule<\/strong><\/p>\n<\/div>\n\n\n\n<div class=\"wp-block-column is-layout-flow wp-block-column-is-layout-flow\">\n<figure class=\"wp-block-video\"><video height=\"360\" style=\"aspect-ratio: 640 \/ 360;\" width=\"640\" controls src=\"https:\/\/alu.fr\/wp-content\/uploads\/2022\/11\/alu_simulation.mp4\"><\/video><\/figure>\n\n\n\n<p class=\"has-text-align-center\"><strong>Simulation de Coul\u00e9e<\/strong><\/p>\n<\/div>\n<\/div>\n\n\n\n<div class=\"wp-block-columns is-layout-flex wp-container-core-columns-is-layout-9d6595d7 wp-block-columns-is-layout-flex\">\n<div class=\"wp-block-column is-layout-flow wp-block-column-is-layout-flow\">\n<figure class=\"wp-block-video\"><video height=\"360\" style=\"aspect-ratio: 640 \/ 360;\" width=\"640\" controls src=\"https:\/\/alu.fr\/wp-content\/uploads\/2022\/11\/alu_fusion.mp4\"><\/video><\/figure>\n\n\n\n<p class=\"has-text-align-center\"><strong>Fusion du m\u00e9tal<\/strong><\/p>\n<\/div>\n\n\n\n<div class=\"wp-block-column is-layout-flow wp-block-column-is-layout-flow\">\n<figure class=\"wp-block-video\"><video height=\"360\" style=\"aspect-ratio: 640 \/ 360;\" width=\"640\" controls src=\"https:\/\/alu.fr\/wp-content\/uploads\/2022\/11\/alu_coulee_pieces.mp4\"><\/video><\/figure>\n\n\n\n<p class=\"has-text-align-center\"><strong><strong>Coul\u00e9e des pi\u00e8ces<\/strong><\/strong><\/p>\n<\/div>\n\n\n\n<div class=\"wp-block-column is-layout-flow wp-block-column-is-layout-flow\">\n<figure class=\"wp-block-video\"><video height=\"360\" style=\"aspect-ratio: 640 \/ 360;\" width=\"640\" controls src=\"https:\/\/alu.fr\/wp-content\/uploads\/2025\/08\/alu_controle-tridim-et-matiere.mp4\"><\/video><\/figure>\n\n\n\n<p class=\"has-text-align-center\"><strong>Contr\u00f4le de mati\u00e8re et tridimensionnel<\/strong><\/p>\n<\/div>\n<\/div>\n\n\n\n<div class=\"wp-block-columns is-layout-flex wp-container-core-columns-is-layout-9d6595d7 wp-block-columns-is-layout-flex\">\n<div class=\"wp-block-column is-layout-flow wp-block-column-is-layout-flow\">\n<figure class=\"wp-block-video\"><video height=\"360\" style=\"aspect-ratio: 640 \/ 360;\" width=\"640\" controls src=\"https:\/\/alu.fr\/wp-content\/uploads\/2022\/11\/alu_usine2.mp4\"><\/video><\/figure>\n\n\n\n<p class=\"has-text-align-center\"><strong>Une usine automatis\u00e9e<\/strong><\/p>\n<\/div>\n\n\n\n<div class=\"wp-block-column is-layout-flow wp-block-column-is-layout-flow\">\n<figure class=\"wp-block-video\"><video height=\"360\" style=\"aspect-ratio: 640 \/ 360;\" width=\"640\" controls src=\"https:\/\/alu.fr\/wp-content\/uploads\/2022\/11\/alu_sciage.mp4\"><\/video><\/figure>\n\n\n\n<p class=\"has-text-align-center\"><strong>Sciage par robot<\/strong><\/p>\n<\/div>\n<\/div>\n\n\n\n<div style=\"height:40px\" aria-hidden=\"true\" class=\"wp-block-spacer\"><\/div>\n\n\n\n<hr class=\"wp-block-separator has-alpha-channel-opacity\"\/>\n\n\n\n<div class=\"wp-block-columns is-layout-flex wp-container-core-columns-is-layout-9d6595d7 wp-block-columns-is-layout-flex\">\n<div class=\"wp-block-column is-vertically-aligned-center is-layout-flow wp-block-column-is-layout-flow\" style=\"flex-basis:75%\">\n<p>Chez Alu Livry, la <strong>simulation<\/strong>, l&rsquo;<strong>automatisation<\/strong> et le <strong>contr\u00f4le avanc\u00e9 des pi\u00e8ces<\/strong> vous assure qualit\u00e9 et productivit\u00e9 pour vos pi\u00e8ces techniques.<br>\ud83d\udd17 <a href=\"https:\/\/www.boutique.afnor.org\/fr-fr\/norme\/nf-en-iso-9001\/systemes-de-management-de-la-qualite-exigences\/fa050447\/1517\" target=\"_blank\" rel=\"noreferrer noopener\">Certifi\u00e9s <strong>ISO 9001<\/strong> depuis plus de 25 ans.<\/a><\/p>\n\n\n\n<p>\u2192 D\u00e9couvrez nos cr\u00e9ations <a href=\"https:\/\/alu.fr\/index.php\/as7g\/\">en AS7G<\/a>, <a href=\"https:\/\/alu.fr\/index.php\/au5gt\/\">en AU5GT<\/a> ou avec <a href=\"https:\/\/alu.fr\/index.php\/autres-alliages\/\">d&rsquo;autres alliages d&rsquo;aluminium<\/a>.<\/p>\n<\/div>\n\n\n\n<div class=\"wp-block-column is-vertically-aligned-center is-layout-flow wp-block-column-is-layout-flow\" style=\"flex-basis:25%\">\n<figure class=\"wp-block-image size-full\"><img loading=\"lazy\" decoding=\"async\" width=\"500\" height=\"500\" src=\"https:\/\/alu.fr\/wp-content\/uploads\/2022\/11\/qualite_alu.png\" alt=\"Controle de mati\u00e8re et contr\u00f4le tridimensionnel\" class=\"wp-image-481\" srcset=\"https:\/\/alu.fr\/wp-content\/uploads\/2022\/11\/qualite_alu.png 500w, https:\/\/alu.fr\/wp-content\/uploads\/2022\/11\/qualite_alu-300x300.png 300w, https:\/\/alu.fr\/wp-content\/uploads\/2022\/11\/qualite_alu-150x150.png 150w\" sizes=\"auto, (max-width: 500px) 100vw, 500px\" \/><\/figure>\n<\/div>\n<\/div>\n\n\n\n<hr class=\"wp-block-separator has-alpha-channel-opacity\"\/>\n\n\n\n<div style=\"display:none;\">\n\n\n\n<p>Fonderie aluminium<\/p>\n\n\n\n<\/div>\n\n\n\n<div style=\"height:40px\" aria-hidden=\"true\" class=\"wp-block-spacer\"><\/div>\n\n\n\n<style class=\"next-previous-btns-sibling\">\n  .next-previous-btns-sibling ~ * .wp-block-button__link.wp-element-button {\n    font-size: 1.125em;\n  }\n<\/style>\n\n\n\n<div class=\"wp-block-columns is-layout-flex wp-container-core-columns-is-layout-9d6595d7 wp-block-columns-is-layout-flex\">\n<div class=\"wp-block-column is-layout-flow wp-block-column-is-layout-flow\">\n<div class=\"wp-block-buttons is-layout-flex wp-block-buttons-is-layout-flex\">\n<div class=\"wp-block-button\"><a class=\"wp-block-button__link wp-element-button\" href=\"https:\/\/alu.fr\/index.php\/simulation\/\">\u2190 Simulation<\/a><\/div>\n<\/div>\n<\/div>\n\n\n\n<div class=\"wp-block-column is-layout-flow wp-block-column-is-layout-flow\">\n<div class=\"wp-block-buttons is-content-justification-right is-layout-flex wp-container-core-buttons-is-layout-765c4724 wp-block-buttons-is-layout-flex\">\n<div class=\"wp-block-button\"><a class=\"wp-block-button__link wp-element-button\" href=\"https:\/\/alu.fr\/index.php\/as7g\/\">Nos r\u00e9alisations \u2192<\/a><\/div>\n<\/div>\n<\/div>\n<\/div>\n\n\n\n<div style=\"height:100px\" aria-hidden=\"true\" class=\"wp-block-spacer\"><\/div>\n","protected":false},"excerpt":{"rendered":"<p>Alu Livry propose une production de grande qualit\u00e9 tout au long du processus de fonderie d&rsquo;aluminium.Nous assurons le traitement complet de l&rsquo;aluminium, de la conception de moule et de la simulation de coul\u00e9e aux contr\u00f4les qualit\u00e9. Conception du Moule Simulation de Coul\u00e9e Fusion du m\u00e9tal Coul\u00e9e des pi\u00e8ces Contr\u00f4le de mati\u00e8re et tridimensionnel Une usine&hellip;&nbsp;<a href=\"https:\/\/alu.fr\/index.php\/fonderies\/\" class=\"\" rel=\"bookmark\">Lire la suite &raquo;<span class=\"screen-reader-text\">Fonderies<\/span><\/a><\/p>\n","protected":false},"author":1,"featured_media":494,"parent":0,"menu_order":0,"comment_status":"closed","ping_status":"closed","template":"","meta":{"neve_meta_sidebar":"","neve_meta_container":"","neve_meta_enable_content_width":"","neve_meta_content_width":0,"neve_meta_title_alignment":"","neve_meta_author_avatar":"","neve_post_elements_order":"","neve_meta_disable_header":"","neve_meta_disable_footer":"","neve_meta_disable_title":"","footnotes":""},"class_list":["post-370","page","type-page","status-publish","has-post-thumbnail","hentry"],"yoast_head":"<!-- This site is optimized with the Yoast SEO plugin v25.6 - https:\/\/yoast.com\/wordpress\/plugins\/seo\/ -->\n<title>Techniques de fonderie d&#039;alliages d&#039;aluminium - Alu.fr<\/title>\n<meta name=\"description\" content=\"L&#039;expertise de fonderie d&#039;aluminium d\u00e9bute d\u00e8s la conception du moule, inclut la simulation de coul\u00e9e, la fonte puis le contr\u00f4le des pi\u00e8ces.\" \/>\n<meta name=\"robots\" content=\"index, follow, max-snippet:-1, max-image-preview:large, max-video-preview:-1\" \/>\n<link rel=\"canonical\" href=\"https:\/\/alu.fr\/index.php\/fonderies\/\" \/>\n<meta property=\"og:locale\" content=\"fr_FR\" \/>\n<meta property=\"og:type\" content=\"article\" \/>\n<meta property=\"og:title\" content=\"Techniques de fonderie d&#039;alliages d&#039;aluminium - Alu.fr\" \/>\n<meta property=\"og:description\" content=\"L&#039;expertise de fonderie d&#039;aluminium d\u00e9bute d\u00e8s la conception du moule, inclut la simulation de coul\u00e9e, la fonte puis le contr\u00f4le des pi\u00e8ces.\" \/>\n<meta property=\"og:url\" content=\"https:\/\/alu.fr\/index.php\/fonderies\/\" \/>\n<meta property=\"og:site_name\" content=\"Alu.fr\" \/>\n<meta property=\"article:modified_time\" content=\"2025-09-03T09:55:24+00:00\" \/>\n<meta property=\"og:image\" content=\"https:\/\/alu.fr\/wp-content\/uploads\/2022\/11\/top_label.png\" \/>\n\t<meta property=\"og:image:width\" content=\"1000\" \/>\n\t<meta property=\"og:image:height\" content=\"317\" \/>\n\t<meta property=\"og:image:type\" content=\"image\/png\" \/>\n<meta name=\"twitter:card\" content=\"summary_large_image\" \/>\n<meta name=\"twitter:label1\" content=\"Dur\u00e9e de lecture estim\u00e9e\" \/>\n\t<meta name=\"twitter:data1\" content=\"1 minute\" \/>\n<script type=\"application\/ld+json\" class=\"yoast-schema-graph\">{\"@context\":\"https:\/\/schema.org\",\"@graph\":[{\"@type\":\"WebPage\",\"@id\":\"https:\/\/alu.fr\/index.php\/fonderies\/\",\"url\":\"https:\/\/alu.fr\/index.php\/fonderies\/\",\"name\":\"Techniques de fonderie d'alliages d'aluminium - Alu.fr\",\"isPartOf\":{\"@id\":\"https:\/\/alu.fr\/#website\"},\"primaryImageOfPage\":{\"@id\":\"https:\/\/alu.fr\/index.php\/fonderies\/#primaryimage\"},\"image\":{\"@id\":\"https:\/\/alu.fr\/index.php\/fonderies\/#primaryimage\"},\"thumbnailUrl\":\"https:\/\/alu.fr\/wp-content\/uploads\/2022\/11\/top_label.png\",\"datePublished\":\"2022-10-31T17:01:47+00:00\",\"dateModified\":\"2025-09-03T09:55:24+00:00\",\"description\":\"L'expertise de fonderie d'aluminium d\u00e9bute d\u00e8s la conception du moule, inclut la simulation de coul\u00e9e, la fonte puis le contr\u00f4le des pi\u00e8ces.\",\"breadcrumb\":{\"@id\":\"https:\/\/alu.fr\/index.php\/fonderies\/#breadcrumb\"},\"inLanguage\":\"fr-FR\",\"potentialAction\":[{\"@type\":\"ReadAction\",\"target\":[\"https:\/\/alu.fr\/index.php\/fonderies\/\"]}]},{\"@type\":\"ImageObject\",\"inLanguage\":\"fr-FR\",\"@id\":\"https:\/\/alu.fr\/index.php\/fonderies\/#primaryimage\",\"url\":\"https:\/\/alu.fr\/wp-content\/uploads\/2022\/11\/top_label.png\",\"contentUrl\":\"https:\/\/alu.fr\/wp-content\/uploads\/2022\/11\/top_label.png\",\"width\":1000,\"height\":317,\"caption\":\"Fonderie d'aluminium et sciage robot\"},{\"@type\":\"BreadcrumbList\",\"@id\":\"https:\/\/alu.fr\/index.php\/fonderies\/#breadcrumb\",\"itemListElement\":[{\"@type\":\"ListItem\",\"position\":1,\"name\":\"Accueil\",\"item\":\"https:\/\/alu.fr\/\"},{\"@type\":\"ListItem\",\"position\":2,\"name\":\"Fonderies\"}]},{\"@type\":\"WebSite\",\"@id\":\"https:\/\/alu.fr\/#website\",\"url\":\"https:\/\/alu.fr\/\",\"name\":\"Alu Livry\",\"description\":\"Conception de fonderie d&#039;alliage d&#039;aluminium, recommandation et optimisation\",\"publisher\":{\"@id\":\"https:\/\/alu.fr\/#organization\"},\"potentialAction\":[{\"@type\":\"SearchAction\",\"target\":{\"@type\":\"EntryPoint\",\"urlTemplate\":\"https:\/\/alu.fr\/?s={search_term_string}\"},\"query-input\":{\"@type\":\"PropertyValueSpecification\",\"valueRequired\":true,\"valueName\":\"search_term_string\"}}],\"inLanguage\":\"fr-FR\"},{\"@type\":\"Organization\",\"@id\":\"https:\/\/alu.fr\/#organization\",\"name\":\"Alu Livry\",\"url\":\"https:\/\/alu.fr\/\",\"logo\":{\"@type\":\"ImageObject\",\"inLanguage\":\"fr-FR\",\"@id\":\"https:\/\/alu.fr\/#\/schema\/logo\/image\/\",\"url\":\"https:\/\/alu.fr\/wp-content\/uploads\/2022\/10\/logo-1.png\",\"contentUrl\":\"https:\/\/alu.fr\/wp-content\/uploads\/2022\/10\/logo-1.png\",\"width\":135,\"height\":95,\"caption\":\"Alu Livry\"},\"image\":{\"@id\":\"https:\/\/alu.fr\/#\/schema\/logo\/image\/\"},\"sameAs\":[\"https:\/\/www.linkedin.com\/company\/alu-livry\/\"]}]}<\/script>\n<!-- \/ Yoast SEO plugin. -->","yoast_head_json":{"title":"Techniques de fonderie d'alliages d'aluminium - Alu.fr","description":"L'expertise de fonderie d'aluminium d\u00e9bute d\u00e8s la conception du moule, inclut la simulation de coul\u00e9e, la fonte puis le contr\u00f4le des pi\u00e8ces.","robots":{"index":"index","follow":"follow","max-snippet":"max-snippet:-1","max-image-preview":"max-image-preview:large","max-video-preview":"max-video-preview:-1"},"canonical":"https:\/\/alu.fr\/index.php\/fonderies\/","og_locale":"fr_FR","og_type":"article","og_title":"Techniques de fonderie d'alliages d'aluminium - Alu.fr","og_description":"L'expertise de fonderie d'aluminium d\u00e9bute d\u00e8s la conception du moule, inclut la simulation de coul\u00e9e, la fonte puis le contr\u00f4le des pi\u00e8ces.","og_url":"https:\/\/alu.fr\/index.php\/fonderies\/","og_site_name":"Alu.fr","article_modified_time":"2025-09-03T09:55:24+00:00","og_image":[{"width":1000,"height":317,"url":"https:\/\/alu.fr\/wp-content\/uploads\/2022\/11\/top_label.png","type":"image\/png"}],"twitter_card":"summary_large_image","twitter_misc":{"Dur\u00e9e de lecture estim\u00e9e":"1 minute"},"schema":{"@context":"https:\/\/schema.org","@graph":[{"@type":"WebPage","@id":"https:\/\/alu.fr\/index.php\/fonderies\/","url":"https:\/\/alu.fr\/index.php\/fonderies\/","name":"Techniques de fonderie d'alliages d'aluminium - Alu.fr","isPartOf":{"@id":"https:\/\/alu.fr\/#website"},"primaryImageOfPage":{"@id":"https:\/\/alu.fr\/index.php\/fonderies\/#primaryimage"},"image":{"@id":"https:\/\/alu.fr\/index.php\/fonderies\/#primaryimage"},"thumbnailUrl":"https:\/\/alu.fr\/wp-content\/uploads\/2022\/11\/top_label.png","datePublished":"2022-10-31T17:01:47+00:00","dateModified":"2025-09-03T09:55:24+00:00","description":"L'expertise de fonderie d'aluminium d\u00e9bute d\u00e8s la conception du moule, inclut la simulation de coul\u00e9e, la fonte puis le contr\u00f4le des pi\u00e8ces.","breadcrumb":{"@id":"https:\/\/alu.fr\/index.php\/fonderies\/#breadcrumb"},"inLanguage":"fr-FR","potentialAction":[{"@type":"ReadAction","target":["https:\/\/alu.fr\/index.php\/fonderies\/"]}]},{"@type":"ImageObject","inLanguage":"fr-FR","@id":"https:\/\/alu.fr\/index.php\/fonderies\/#primaryimage","url":"https:\/\/alu.fr\/wp-content\/uploads\/2022\/11\/top_label.png","contentUrl":"https:\/\/alu.fr\/wp-content\/uploads\/2022\/11\/top_label.png","width":1000,"height":317,"caption":"Fonderie d'aluminium et sciage robot"},{"@type":"BreadcrumbList","@id":"https:\/\/alu.fr\/index.php\/fonderies\/#breadcrumb","itemListElement":[{"@type":"ListItem","position":1,"name":"Accueil","item":"https:\/\/alu.fr\/"},{"@type":"ListItem","position":2,"name":"Fonderies"}]},{"@type":"WebSite","@id":"https:\/\/alu.fr\/#website","url":"https:\/\/alu.fr\/","name":"Alu Livry","description":"Conception de fonderie d&#039;alliage d&#039;aluminium, recommandation et optimisation","publisher":{"@id":"https:\/\/alu.fr\/#organization"},"potentialAction":[{"@type":"SearchAction","target":{"@type":"EntryPoint","urlTemplate":"https:\/\/alu.fr\/?s={search_term_string}"},"query-input":{"@type":"PropertyValueSpecification","valueRequired":true,"valueName":"search_term_string"}}],"inLanguage":"fr-FR"},{"@type":"Organization","@id":"https:\/\/alu.fr\/#organization","name":"Alu Livry","url":"https:\/\/alu.fr\/","logo":{"@type":"ImageObject","inLanguage":"fr-FR","@id":"https:\/\/alu.fr\/#\/schema\/logo\/image\/","url":"https:\/\/alu.fr\/wp-content\/uploads\/2022\/10\/logo-1.png","contentUrl":"https:\/\/alu.fr\/wp-content\/uploads\/2022\/10\/logo-1.png","width":135,"height":95,"caption":"Alu Livry"},"image":{"@id":"https:\/\/alu.fr\/#\/schema\/logo\/image\/"},"sameAs":["https:\/\/www.linkedin.com\/company\/alu-livry\/"]}]}},"_links":{"self":[{"href":"https:\/\/alu.fr\/index.php\/wp-json\/wp\/v2\/pages\/370","targetHints":{"allow":["GET"]}}],"collection":[{"href":"https:\/\/alu.fr\/index.php\/wp-json\/wp\/v2\/pages"}],"about":[{"href":"https:\/\/alu.fr\/index.php\/wp-json\/wp\/v2\/types\/page"}],"author":[{"embeddable":true,"href":"https:\/\/alu.fr\/index.php\/wp-json\/wp\/v2\/users\/1"}],"replies":[{"embeddable":true,"href":"https:\/\/alu.fr\/index.php\/wp-json\/wp\/v2\/comments?post=370"}],"version-history":[{"count":62,"href":"https:\/\/alu.fr\/index.php\/wp-json\/wp\/v2\/pages\/370\/revisions"}],"predecessor-version":[{"id":1444,"href":"https:\/\/alu.fr\/index.php\/wp-json\/wp\/v2\/pages\/370\/revisions\/1444"}],"wp:featuredmedia":[{"embeddable":true,"href":"https:\/\/alu.fr\/index.php\/wp-json\/wp\/v2\/media\/494"}],"wp:attachment":[{"href":"https:\/\/alu.fr\/index.php\/wp-json\/wp\/v2\/media?parent=370"}],"curies":[{"name":"wp","href":"https:\/\/api.w.org\/{rel}","templated":true}]}}