{"id":359,"date":"2022-10-31T17:37:12","date_gmt":"2022-10-31T16:37:12","guid":{"rendered":"http:\/\/alu.fr\/?page_id=359"},"modified":"2025-09-01T13:40:24","modified_gmt":"2025-09-01T11:40:24","slug":"iso-mecanique","status":"publish","type":"page","link":"https:\/\/alu.fr\/index.php\/entreprises\/iso-mecanique\/","title":{"rendered":"Isomecanique &#8211; Usinage"},"content":{"rendered":"\n<div class=\"wp-block-columns is-layout-flex wp-container-core-columns-is-layout-9d6595d7 wp-block-columns-is-layout-flex\">\n<div class=\"wp-block-column is-layout-flow wp-block-column-is-layout-flow\" style=\"flex-basis:62%\">\n<p>Notre usine sp\u00e9cialis\u00e9e dans l&rsquo;usinage de toutes les mati\u00e8res techniques comme l&rsquo;<strong>inconel<\/strong>, le <strong>monel<\/strong>, l&rsquo;<strong>inox r\u00e9fractaire<\/strong>, l&rsquo;<strong>hastelloy<\/strong>, l&rsquo;<strong>aluminium<\/strong> et le <strong>plastique<\/strong>.<\/p>\n\n\n\n<style class=\"display-none-next-element\">\n  @media screen and (max-width: 900px) { .display-none-next-element + * { display: none; } }\n<\/style>\n\n\n\n<p>Isomecanique s&rsquo;adapte \u00e0 vos besoins sp\u00e9cifiques en usinage pour moyennes et petites s\u00e9ries en s&rsquo;appuyant sur son expertise renforc\u00e9e depuis plus de 20 ans.<\/p>\n<\/div>\n\n\n\n<div class=\"wp-block-column is-layout-flow wp-block-column-is-layout-flow\">\n<iframe loading=\"lazy\" src=\"https:\/\/www.google.com\/maps\/d\/u\/4\/embed?mid=1pYQrLmK1sEliSYWJCc_rV-hIayaDI-4&#038;ehbc=2E312F&#038;noprof=1\" width=\"640\" height=\"480\" style=\"width: 100%; max-height: 13.33em;\"><\/iframe>\n<\/div>\n<\/div>\n\n\n\n<div class=\"wp-block-columns is-layout-flex wp-container-core-columns-is-layout-9d6595d7 wp-block-columns-is-layout-flex\">\n<div class=\"wp-block-column is-layout-flow wp-block-column-is-layout-flow\">\n<div class=\"wp-block-group is-nowrap is-layout-flex wp-container-core-group-is-layout-ad2f72ca wp-block-group-is-layout-flex\">\n<figure class=\"wp-block-image size-large\"><img loading=\"lazy\" decoding=\"async\" width=\"768\" height=\"1024\" src=\"https:\/\/alu.fr\/wp-content\/uploads\/2025\/07\/IMG_1597-768x1024.jpg\" alt=\"\" class=\"wp-image-701\" srcset=\"https:\/\/alu.fr\/wp-content\/uploads\/2025\/07\/IMG_1597-768x1024.jpg 768w, https:\/\/alu.fr\/wp-content\/uploads\/2025\/07\/IMG_1597-225x300.jpg 225w, https:\/\/alu.fr\/wp-content\/uploads\/2025\/07\/IMG_1597-1152x1536.jpg 1152w, https:\/\/alu.fr\/wp-content\/uploads\/2025\/07\/IMG_1597-1536x2048.jpg 1536w, https:\/\/alu.fr\/wp-content\/uploads\/2025\/07\/IMG_1597-scaled.jpg 1920w\" sizes=\"auto, (max-width: 768px) 100vw, 768px\" \/><\/figure>\n<\/div>\n\n\n\n<div style=\"height:40px\" aria-hidden=\"true\" class=\"wp-block-spacer\"><\/div>\n\n\n\n<figure class=\"wp-block-image size-large\"><img loading=\"lazy\" decoding=\"async\" width=\"1024\" height=\"768\" src=\"https:\/\/alu.fr\/wp-content\/uploads\/2025\/07\/DMU100-1024x768.jpg\" alt=\"\" class=\"wp-image-703\" srcset=\"https:\/\/alu.fr\/wp-content\/uploads\/2025\/07\/DMU100-1024x768.jpg 1024w, https:\/\/alu.fr\/wp-content\/uploads\/2025\/07\/DMU100-300x225.jpg 300w, https:\/\/alu.fr\/wp-content\/uploads\/2025\/07\/DMU100-768x576.jpg 768w, https:\/\/alu.fr\/wp-content\/uploads\/2025\/07\/DMU100-1536x1152.jpg 1536w, https:\/\/alu.fr\/wp-content\/uploads\/2025\/07\/DMU100-2048x1536.jpg 2048w\" sizes=\"auto, (max-width: 1024px) 100vw, 1024px\" \/><\/figure>\n<\/div>\n\n\n\n<div class=\"wp-block-column is-layout-flow wp-block-column-is-layout-flow\">\n<figure class=\"wp-block-image size-full\"><img loading=\"lazy\" decoding=\"async\" width=\"1008\" height=\"756\" src=\"https:\/\/alu.fr\/wp-content\/uploads\/2025\/07\/Mazak2_2020.jpg\" alt=\"\" class=\"wp-image-700\" srcset=\"https:\/\/alu.fr\/wp-content\/uploads\/2025\/07\/Mazak2_2020.jpg 1008w, https:\/\/alu.fr\/wp-content\/uploads\/2025\/07\/Mazak2_2020-300x225.jpg 300w, https:\/\/alu.fr\/wp-content\/uploads\/2025\/07\/Mazak2_2020-768x576.jpg 768w\" sizes=\"auto, (max-width: 1008px) 100vw, 1008px\" \/><\/figure>\n\n\n\n<div style=\"height:40px\" aria-hidden=\"true\" class=\"wp-block-spacer\"><\/div>\n\n\n\n<figure class=\"wp-block-image size-large\"><img loading=\"lazy\" decoding=\"async\" width=\"768\" height=\"1024\" src=\"https:\/\/alu.fr\/wp-content\/uploads\/2025\/07\/IMG_1611-768x1024.jpg\" alt=\"\" class=\"wp-image-702\" srcset=\"https:\/\/alu.fr\/wp-content\/uploads\/2025\/07\/IMG_1611-768x1024.jpg 768w, https:\/\/alu.fr\/wp-content\/uploads\/2025\/07\/IMG_1611-225x300.jpg 225w, https:\/\/alu.fr\/wp-content\/uploads\/2025\/07\/IMG_1611-1152x1536.jpg 1152w, https:\/\/alu.fr\/wp-content\/uploads\/2025\/07\/IMG_1611-1536x2048.jpg 1536w, https:\/\/alu.fr\/wp-content\/uploads\/2025\/07\/IMG_1611-scaled.jpg 1920w\" sizes=\"auto, (max-width: 768px) 100vw, 768px\" \/><\/figure>\n<\/div>\n<\/div>\n\n\n\n<div style=\"height:80px\" aria-hidden=\"true\" class=\"wp-block-spacer\"><\/div>\n\n\n\n<style class=\"next-previous-btns-sibling\">\n  .next-previous-btns-sibling ~ * .wp-block-button__link.wp-element-button {\n    font-size: 1.125em;\n  }\n<\/style>\n\n\n\n<div class=\"wp-block-columns is-layout-flex wp-container-core-columns-is-layout-9d6595d7 wp-block-columns-is-layout-flex\">\n<div class=\"wp-block-column is-layout-flow wp-block-column-is-layout-flow\">\n<div class=\"wp-block-buttons is-layout-flex wp-block-buttons-is-layout-flex\">\n<div class=\"wp-block-button\"><a class=\"wp-block-button__link wp-element-button\" href=\"https:\/\/alu.fr\/index.php\/alu-livry\/\">\u2190 Alu Livry &#8211; Fonderie d&rsquo;Aluminium<\/a><\/div>\n<\/div>\n<\/div>\n\n\n\n<div class=\"wp-block-column is-layout-flow wp-block-column-is-layout-flow\">\n<div class=\"wp-block-buttons is-content-justification-right is-layout-flex wp-container-core-buttons-is-layout-765c4724 wp-block-buttons-is-layout-flex\">\n<div class=\"wp-block-button\"><a class=\"wp-block-button__link wp-element-button\" href=\"https:\/\/www.scala-mecanique.com\/\" target=\"_blank\" rel=\"noreferrer noopener\">Scala &#8211; Usinage en s\u00e9rie \u2192<\/a><\/div>\n<\/div>\n<\/div>\n<\/div>\n\n\n\n<div style=\"height:100px\" aria-hidden=\"true\" class=\"wp-block-spacer\"><\/div>\n\n\n\n<p><\/p>\n","protected":false},"excerpt":{"rendered":"<p>Notre usine sp\u00e9cialis\u00e9e dans l&rsquo;usinage de toutes les mati\u00e8res techniques comme l&rsquo;inconel, le monel, l&rsquo;inox r\u00e9fractaire, l&rsquo;hastelloy, l&rsquo;aluminium et le plastique. Isomecanique s&rsquo;adapte \u00e0 vos besoins sp\u00e9cifiques en usinage pour moyennes et petites s\u00e9ries en s&rsquo;appuyant sur son expertise renforc\u00e9e depuis plus de 20 ans.<\/p>\n","protected":false},"author":1,"featured_media":0,"parent":354,"menu_order":0,"comment_status":"closed","ping_status":"closed","template":"","meta":{"neve_meta_sidebar":"","neve_meta_container":"","neve_meta_enable_content_width":"","neve_meta_content_width":0,"neve_meta_title_alignment":"","neve_meta_author_avatar":"","neve_post_elements_order":"","neve_meta_disable_header":"","neve_meta_disable_footer":"","neve_meta_disable_title":"","footnotes":""},"class_list":["post-359","page","type-page","status-publish","hentry"],"yoast_head":"<!-- This site is optimized with the Yoast SEO plugin v25.6 - https:\/\/yoast.com\/wordpress\/plugins\/seo\/ -->\n<title>Isomecanique - Usinage - Alu.fr<\/title>\n<meta name=\"description\" content=\"Fonderie, fonderie aluminium, fonderie coquille, fonderie sable, fonderie Alu-Livry, alliages legers, fonderie aluminium par gravite, fonderie aluminium coquille, fonderie\" \/>\n<meta name=\"robots\" content=\"index, follow, max-snippet:-1, max-image-preview:large, max-video-preview:-1\" \/>\n<link rel=\"canonical\" href=\"https:\/\/alu.fr\/index.php\/entreprises\/iso-mecanique\/\" \/>\n<meta property=\"og:locale\" content=\"fr_FR\" \/>\n<meta property=\"og:type\" content=\"article\" \/>\n<meta property=\"og:title\" content=\"Isomecanique - Usinage - Alu.fr\" \/>\n<meta property=\"og:description\" content=\"Fonderie, fonderie aluminium, fonderie coquille, fonderie sable, fonderie Alu-Livry, alliages legers, fonderie aluminium par gravite, fonderie aluminium coquille, fonderie\" \/>\n<meta property=\"og:url\" content=\"https:\/\/alu.fr\/index.php\/entreprises\/iso-mecanique\/\" \/>\n<meta property=\"og:site_name\" content=\"Alu.fr\" \/>\n<meta property=\"article:modified_time\" content=\"2025-09-01T11:40:24+00:00\" \/>\n<meta property=\"og:image\" content=\"https:\/\/alu.fr\/wp-content\/uploads\/2025\/07\/IMG_1597-scaled.jpg\" \/>\n\t<meta property=\"og:image:width\" content=\"1920\" \/>\n\t<meta property=\"og:image:height\" content=\"2560\" \/>\n\t<meta property=\"og:image:type\" content=\"image\/jpeg\" \/>\n<meta name=\"twitter:card\" content=\"summary_large_image\" \/>\n<meta name=\"twitter:label1\" content=\"Dur\u00e9e de lecture estim\u00e9e\" \/>\n\t<meta name=\"twitter:data1\" content=\"2 minutes\" \/>\n<script type=\"application\/ld+json\" class=\"yoast-schema-graph\">{\"@context\":\"https:\/\/schema.org\",\"@graph\":[{\"@type\":\"WebPage\",\"@id\":\"https:\/\/alu.fr\/index.php\/entreprises\/iso-mecanique\/\",\"url\":\"https:\/\/alu.fr\/index.php\/entreprises\/iso-mecanique\/\",\"name\":\"Isomecanique - Usinage - Alu.fr\",\"isPartOf\":{\"@id\":\"https:\/\/alu.fr\/#website\"},\"primaryImageOfPage\":{\"@id\":\"https:\/\/alu.fr\/index.php\/entreprises\/iso-mecanique\/#primaryimage\"},\"image\":{\"@id\":\"https:\/\/alu.fr\/index.php\/entreprises\/iso-mecanique\/#primaryimage\"},\"thumbnailUrl\":\"https:\/\/alu.fr\/wp-content\/uploads\/2025\/07\/IMG_1597-768x1024.jpg\",\"datePublished\":\"2022-10-31T16:37:12+00:00\",\"dateModified\":\"2025-09-01T11:40:24+00:00\",\"description\":\"Fonderie, fonderie aluminium, fonderie coquille, fonderie sable, fonderie Alu-Livry, alliages legers, fonderie aluminium par gravite, fonderie aluminium coquille, fonderie\",\"breadcrumb\":{\"@id\":\"https:\/\/alu.fr\/index.php\/entreprises\/iso-mecanique\/#breadcrumb\"},\"inLanguage\":\"fr-FR\",\"potentialAction\":[{\"@type\":\"ReadAction\",\"target\":[\"https:\/\/alu.fr\/index.php\/entreprises\/iso-mecanique\/\"]}]},{\"@type\":\"ImageObject\",\"inLanguage\":\"fr-FR\",\"@id\":\"https:\/\/alu.fr\/index.php\/entreprises\/iso-mecanique\/#primaryimage\",\"url\":\"https:\/\/alu.fr\/wp-content\/uploads\/2025\/07\/IMG_1597-scaled.jpg\",\"contentUrl\":\"https:\/\/alu.fr\/wp-content\/uploads\/2025\/07\/IMG_1597-scaled.jpg\",\"width\":1920,\"height\":2560,\"caption\":\"Pi\u00e8ces usin\u00e9es avec haute pr\u00e9cision\"},{\"@type\":\"BreadcrumbList\",\"@id\":\"https:\/\/alu.fr\/index.php\/entreprises\/iso-mecanique\/#breadcrumb\",\"itemListElement\":[{\"@type\":\"ListItem\",\"position\":1,\"name\":\"Accueil\",\"item\":\"https:\/\/alu.fr\/\"},{\"@type\":\"ListItem\",\"position\":2,\"name\":\"Notre groupe\",\"item\":\"https:\/\/alu.fr\/index.php\/entreprises\/\"},{\"@type\":\"ListItem\",\"position\":3,\"name\":\"Isomecanique &#8211; Usinage\"}]},{\"@type\":\"WebSite\",\"@id\":\"https:\/\/alu.fr\/#website\",\"url\":\"https:\/\/alu.fr\/\",\"name\":\"Alu Livry\",\"description\":\"Conception de fonderie d&#039;alliage d&#039;aluminium, recommandation et optimisation\",\"publisher\":{\"@id\":\"https:\/\/alu.fr\/#organization\"},\"potentialAction\":[{\"@type\":\"SearchAction\",\"target\":{\"@type\":\"EntryPoint\",\"urlTemplate\":\"https:\/\/alu.fr\/?s={search_term_string}\"},\"query-input\":{\"@type\":\"PropertyValueSpecification\",\"valueRequired\":true,\"valueName\":\"search_term_string\"}}],\"inLanguage\":\"fr-FR\"},{\"@type\":\"Organization\",\"@id\":\"https:\/\/alu.fr\/#organization\",\"name\":\"Alu Livry\",\"url\":\"https:\/\/alu.fr\/\",\"logo\":{\"@type\":\"ImageObject\",\"inLanguage\":\"fr-FR\",\"@id\":\"https:\/\/alu.fr\/#\/schema\/logo\/image\/\",\"url\":\"https:\/\/alu.fr\/wp-content\/uploads\/2022\/10\/logo-1.png\",\"contentUrl\":\"https:\/\/alu.fr\/wp-content\/uploads\/2022\/10\/logo-1.png\",\"width\":135,\"height\":95,\"caption\":\"Alu Livry\"},\"image\":{\"@id\":\"https:\/\/alu.fr\/#\/schema\/logo\/image\/\"},\"sameAs\":[\"https:\/\/www.linkedin.com\/company\/alu-livry\/\"]}]}<\/script>\n<!-- \/ Yoast SEO plugin. -->","yoast_head_json":{"title":"Isomecanique - Usinage - Alu.fr","description":"Fonderie, fonderie aluminium, fonderie coquille, fonderie sable, fonderie Alu-Livry, alliages legers, fonderie aluminium par gravite, fonderie aluminium coquille, fonderie","robots":{"index":"index","follow":"follow","max-snippet":"max-snippet:-1","max-image-preview":"max-image-preview:large","max-video-preview":"max-video-preview:-1"},"canonical":"https:\/\/alu.fr\/index.php\/entreprises\/iso-mecanique\/","og_locale":"fr_FR","og_type":"article","og_title":"Isomecanique - Usinage - Alu.fr","og_description":"Fonderie, fonderie aluminium, fonderie coquille, fonderie sable, fonderie Alu-Livry, alliages legers, fonderie aluminium par gravite, fonderie aluminium coquille, fonderie","og_url":"https:\/\/alu.fr\/index.php\/entreprises\/iso-mecanique\/","og_site_name":"Alu.fr","article_modified_time":"2025-09-01T11:40:24+00:00","og_image":[{"width":1920,"height":2560,"url":"https:\/\/alu.fr\/wp-content\/uploads\/2025\/07\/IMG_1597-scaled.jpg","type":"image\/jpeg"}],"twitter_card":"summary_large_image","twitter_misc":{"Dur\u00e9e de lecture estim\u00e9e":"2 minutes"},"schema":{"@context":"https:\/\/schema.org","@graph":[{"@type":"WebPage","@id":"https:\/\/alu.fr\/index.php\/entreprises\/iso-mecanique\/","url":"https:\/\/alu.fr\/index.php\/entreprises\/iso-mecanique\/","name":"Isomecanique - Usinage - Alu.fr","isPartOf":{"@id":"https:\/\/alu.fr\/#website"},"primaryImageOfPage":{"@id":"https:\/\/alu.fr\/index.php\/entreprises\/iso-mecanique\/#primaryimage"},"image":{"@id":"https:\/\/alu.fr\/index.php\/entreprises\/iso-mecanique\/#primaryimage"},"thumbnailUrl":"https:\/\/alu.fr\/wp-content\/uploads\/2025\/07\/IMG_1597-768x1024.jpg","datePublished":"2022-10-31T16:37:12+00:00","dateModified":"2025-09-01T11:40:24+00:00","description":"Fonderie, fonderie aluminium, fonderie coquille, fonderie sable, fonderie Alu-Livry, alliages legers, fonderie aluminium par gravite, fonderie aluminium coquille, fonderie","breadcrumb":{"@id":"https:\/\/alu.fr\/index.php\/entreprises\/iso-mecanique\/#breadcrumb"},"inLanguage":"fr-FR","potentialAction":[{"@type":"ReadAction","target":["https:\/\/alu.fr\/index.php\/entreprises\/iso-mecanique\/"]}]},{"@type":"ImageObject","inLanguage":"fr-FR","@id":"https:\/\/alu.fr\/index.php\/entreprises\/iso-mecanique\/#primaryimage","url":"https:\/\/alu.fr\/wp-content\/uploads\/2025\/07\/IMG_1597-scaled.jpg","contentUrl":"https:\/\/alu.fr\/wp-content\/uploads\/2025\/07\/IMG_1597-scaled.jpg","width":1920,"height":2560,"caption":"Pi\u00e8ces usin\u00e9es avec haute pr\u00e9cision"},{"@type":"BreadcrumbList","@id":"https:\/\/alu.fr\/index.php\/entreprises\/iso-mecanique\/#breadcrumb","itemListElement":[{"@type":"ListItem","position":1,"name":"Accueil","item":"https:\/\/alu.fr\/"},{"@type":"ListItem","position":2,"name":"Notre groupe","item":"https:\/\/alu.fr\/index.php\/entreprises\/"},{"@type":"ListItem","position":3,"name":"Isomecanique &#8211; Usinage"}]},{"@type":"WebSite","@id":"https:\/\/alu.fr\/#website","url":"https:\/\/alu.fr\/","name":"Alu Livry","description":"Conception de fonderie d&#039;alliage d&#039;aluminium, recommandation et optimisation","publisher":{"@id":"https:\/\/alu.fr\/#organization"},"potentialAction":[{"@type":"SearchAction","target":{"@type":"EntryPoint","urlTemplate":"https:\/\/alu.fr\/?s={search_term_string}"},"query-input":{"@type":"PropertyValueSpecification","valueRequired":true,"valueName":"search_term_string"}}],"inLanguage":"fr-FR"},{"@type":"Organization","@id":"https:\/\/alu.fr\/#organization","name":"Alu Livry","url":"https:\/\/alu.fr\/","logo":{"@type":"ImageObject","inLanguage":"fr-FR","@id":"https:\/\/alu.fr\/#\/schema\/logo\/image\/","url":"https:\/\/alu.fr\/wp-content\/uploads\/2022\/10\/logo-1.png","contentUrl":"https:\/\/alu.fr\/wp-content\/uploads\/2022\/10\/logo-1.png","width":135,"height":95,"caption":"Alu Livry"},"image":{"@id":"https:\/\/alu.fr\/#\/schema\/logo\/image\/"},"sameAs":["https:\/\/www.linkedin.com\/company\/alu-livry\/"]}]}},"_links":{"self":[{"href":"https:\/\/alu.fr\/index.php\/wp-json\/wp\/v2\/pages\/359","targetHints":{"allow":["GET"]}}],"collection":[{"href":"https:\/\/alu.fr\/index.php\/wp-json\/wp\/v2\/pages"}],"about":[{"href":"https:\/\/alu.fr\/index.php\/wp-json\/wp\/v2\/types\/page"}],"author":[{"embeddable":true,"href":"https:\/\/alu.fr\/index.php\/wp-json\/wp\/v2\/users\/1"}],"replies":[{"embeddable":true,"href":"https:\/\/alu.fr\/index.php\/wp-json\/wp\/v2\/comments?post=359"}],"version-history":[{"count":42,"href":"https:\/\/alu.fr\/index.php\/wp-json\/wp\/v2\/pages\/359\/revisions"}],"predecessor-version":[{"id":1354,"href":"https:\/\/alu.fr\/index.php\/wp-json\/wp\/v2\/pages\/359\/revisions\/1354"}],"up":[{"embeddable":true,"href":"https:\/\/alu.fr\/index.php\/wp-json\/wp\/v2\/pages\/354"}],"wp:attachment":[{"href":"https:\/\/alu.fr\/index.php\/wp-json\/wp\/v2\/media?parent=359"}],"curies":[{"name":"wp","href":"https:\/\/api.w.org\/{rel}","templated":true}]}}